{"id":2488,"date":"2017-01-02T15:04:12","date_gmt":"2017-01-02T14:04:12","guid":{"rendered":"https:\/\/zgraf.hr\/en\/?page_id=2488"},"modified":"2017-01-05T15:47:17","modified_gmt":"2017-01-05T14:47:17","slug":"schedule","status":"publish","type":"page","link":"https:\/\/zgraf.hr\/en\/schedule\/","title":{"rendered":"Schedule"},"content":{"rendered":"<p>Programme of Zgraf&#8217;s 12th edition includes Review and Theme exhibition, Grand Prix 11 exhibition, Eduzgraf student exhibition, lectures and workshops for adults and children, film programme Eduzgraf Cinema and Practincing Design conference.<\/p>\n<p>ZGRAF 12 SCHEDULE<\/p>\n<p><strong>Zgraf 12 locations:<\/strong><\/p>\n<p><strong>Lauba &#8211; People and Art House \/\u00a0\u00a0\u00a0\u00a0\u00a0\u00a0\u00a0\u00a0\u00a0\u00a0\u00a0\u00a0\u00a0\u00a0\u00a0\u00a0\u00a0\u00a0\u00a0\u00a0\u00a0\u00a0\u00a0\u00a0\u00a0\u00a0\u00a0\u00a0\u00a0\u00a0\u00a0\u00a0\u00a0\u00a0\u00a0\u00a0\u00a0\u00a0\u00a0\u00a0\u00a0\u00a0\u00a0\u00a0\u00a0\u00a0\u00a0\u00a0\u00a0\u00a0\u00a0\u00a0\u00a0\u00a0\u00a0\u00a0\u00a0\u00a0\u00a0\u00a0\u00a0\u00a0\u00a0\u00a0\u00a0\u00a0\u00a0\u00a0\u00a0\u00a0 Gallery ULUPUH \/<br \/>\nZgraf 12 Main exhibition and Eduzgraf\u00a0\u00a0\u00a0 \u00a0\u00a0\u00a0\u00a0\u00a0\u00a0\u00a0\u00a0\u00a0\u00a0\u00a0\u00a0\u00a0\u00a0\u00a0\u00a0\u00a0\u00a0\u00a0\u00a0\u00a0\u00a0\u00a0\u00a0\u00a0\u00a0\u00a0\u00a0\u00a0\u00a0\u00a0\u00a0\u00a0\u00a0\u00a0\u00a0\u00a0\u00a0\u00a0\u00a0\u00a0\u00a0\u00a0\u00a0\u00a0\u00a0\u00a0\u00a0\u00a0\u00a0\u00a0\u00a0\u00a0 Grand Prix Zgraf 11 exhibition<br \/>\n<\/strong>Prilaz baruna Filipovi\u0107a 23\/a, Zagreb\u00a0\u00a0\u00a0\u00a0\u00a0\u00a0\u00a0\u00a0\u00a0\u00a0\u00a0\u00a0\u00a0\u00a0\u00a0\u00a0\u00a0\u00a0\u00a0\u00a0\u00a0\u00a0\u00a0\u00a0\u00a0\u00a0\u00a0\u00a0\u00a0\u00a0\u00a0\u00a0\u00a0\u00a0\u00a0\u00a0\u00a0\u00a0\u00a0\u00a0\u00a0\u00a0\u00a0\u00a0\u00a0\u00a0\u00a0\u00a0\u00a0\u00a0\u00a0\u00a0\u00a0\u00a0\u00a0\u00a0\u00a0\u00a0\u00a0\u00a0\u00a0\u00a0\u00a0 \u00a0 Tkal\u010di\u0107eva 14, Zagreb<\/p>\n<h4><\/h4>\n<h4><strong>MONDAY, 9 \/1 \/2017<\/strong><strong><br \/>\nZgrafa 12 exhibition opening \/ 7 pm \/ Lauba<\/strong><\/h4>\n<p><a href=\"https:\/\/zgraf.hr\/en\/zgraf-program\/the-main-exibition-zgraf-12\/\"><span style=\"color: #ffcc99;\">International exhibition of graphic design and visual communications \u2013 Review, Theme and Eduzgraf<\/span><\/a><\/p>\n<p>OFF programme \/ 10.00 pm \/ Plo\u010dnik, Me\u0111imurska ulica 21, Zagreb<\/p>\n<h4><strong>TUE\/WED\/THUR, 10\/11\/12 January \/2017<\/strong><strong><br \/>\n<a href=\"https:\/\/zgraf.hr\/en\/zgraf-program\/eduzgraf\/\"><span style=\"color: #ffcc99;\">Eduzgraf Workshops \/ Lauba<\/span><\/a><\/strong><\/h4>\n<p><strong>The MoF \u2013 Fanzine of Future Events<\/strong>, workshop mentors: Maja Kolar and Ma\u0161a Poljanec \/ 10, 11 and 12 January \/ 11.00 am \u2013 7.00 pm<br \/>\n<strong>Death in Design: That, or Anything Else \u2014 Sprint to the Last Breath<\/strong>, workshop mentors: Barbara Predan, PhD and Petra \u010cerne Oven, PhD \/ 12 January \/ 1.00 \u2013 5.30 pm<br \/>\n<strong>Brief Introduction into the Local History of Graphic Design and Visual Communications 1945-1990, <\/strong>workshop mentor: Dejan Kr\u0161i\u0107 \/ 10 and 11 January \/ 4.00 -8.00 pm<\/p>\n<h4><strong>FRIDAY, 13\/1\/2017<\/strong><b><br \/>\n<span style=\"color: #ffcc99;\"><strong><a style=\"color: #ffcc99;\" href=\"https:\/\/zgraf.hr\/en\/prijavite-se-osobnog-znalca-niz-razgovora-dizajnu-jedan-jedan-sklopu-eduzgraf-veceri-zgrafa-12\/\">Personal Expert \/ 8.00 pm \/ Lauba<\/a><\/strong><\/span><\/b><b><\/b><\/h4>\n<p><b> <\/b>Eduzgraf Personal experts are: Bruketa &amp; \u017dini\u0107, Damir Gamulin, Dejan Kr\u0161i\u0107, Kuna zlatica (Ana Kunej), Oaza (Ivana Borovnjak and Tina Ivezi\u0107), Peng Peng (Martin Geel and Klaus Fromherz), Radovan Jenko, Rick Poynor, This Town Needs Posters (Hrvoje Spudi\u0107 and Sven Sori\u0107).<\/p>\n<h4><strong>SATURDAY, 14\/1\/2017.<\/strong><b><br \/>\n<span style=\"color: #ffcc99;\"><strong><a style=\"color: #ffcc99;\" href=\"https:\/\/zgraf.hr\/en\/zgraf-program\/zgraf-words\/\">Zgraf Words \/ 11.00 am \u2013 7.30 pm \/ Lauba<\/a><\/strong><\/span><\/b><b><\/b><\/h4>\n<p><b> <\/b>Lectures by members of the Zgraf 12 International Jury: Rick Poynor, Radovan Jenko, Jianping He and Grand Prix 11 winners \u2013 Swiss design studio Peng Peng.<br \/>\nRick Poynor \/ 11.00 am \u2013 12.00 am<br \/>\nRadovan Jenko \/ 4.00 \u2013 5.00 pm<br \/>\nJianping He \/ 5.15 \u2013 6.15 pm<br \/>\nPeng Peng \/ 6.30 \u2013 7.30 pm<\/p>\n<p><a href=\"https:\/\/zgraf.hr\/en\/about-zgraf\/zgraf-awards\/\"><strong><span style=\"color: #ffcc99;\">Zgraf 12 award ceremony \/ 8.00 pm \/ Lauba<\/span><\/strong><\/a><\/p>\n<p>Eduzgraf Workshops &#8211; presentation \/ 9.00 pm \/ Lauba<\/p>\n<p>OFF program \/ 10.00 pm \/ Vinyl bar&amp;bar, Bogovi\u0107eva ulica 3, Zagreb<\/p>\n<h4><strong>SUNDAY, 15\/1\/2017<\/strong><strong><br \/>\n<span style=\"color: #ffcc99;\"><a style=\"color: #ffcc99;\" href=\"https:\/\/zgraf.hr\/en\/zgraf-program\/eduzgraf\/\">Laubice \u2013 creative art workshops for children \/ 12.00 am and 3.00 pm \/ Lauba<\/a><br \/>\n<\/span><\/strong><\/h4>\n<h4><strong>MONDAY, 16\/1\/2017<\/strong><strong><br \/>\n<span style=\"color: #ffcc99;\"><a style=\"color: #ffcc99;\" href=\"https:\/\/zgraf.hr\/en\/zgraf-program\/zgraf-12-grand-prix-winners-exhibition\/\">Grand Prix 11 exhibition opening \u2013 Peng Peng \/ 7.00 pm \/ ULUPUH Gallery<\/a><br \/>\n<\/span><\/strong><\/h4>\n<h4><strong>FRIDAY, 20\/1\/2017 \/ 5.00 &#8211; 10.00 pm<\/strong><strong><br \/>\n<a href=\"https:\/\/zgraf.hr\/en\/eduzgraf-cinema\/\"><span style=\"color: #ffcc99;\">Eduzgraf Evening: Eduzgraf Cinema \/ Lauba<\/span><\/a><\/strong><\/h4>\n<p>Film programme organized in collaboration with <strong>25 FPS \u2013 Audiovisual Research Association <\/strong><\/p>\n<p><strong>Social Nostalgia?\/ 5.00 &#8211; 6.00 pm<\/strong><strong><br \/>\n<\/strong>Lunch, Ana Hu\u0161man \/ 2008, 17\u2032 20\u201d, Croatia, Bonobostudio<br \/>\nArheo 29, Vladislav Kne\u017eevi\u0107 \/ 2010, 9\u201930\u201d, Croatia, Bonobostudio<br \/>\nKino Crvena zvijezda (eng. Red Star Cinema), Silvestar Kolbas \/ 2014, 10\u2032, Croatia, Silvestar Kolbas<\/p>\n<p><strong>Visual Reflections \/ 6.00 &#8211; 6.30 pm<\/strong><strong><br \/>\n<\/strong>Moving Elements, Marko Tadi\u0107 \/ 2016, 7\u2032, Croatia, Zagreb film<br \/>\nDota, Petra Zlonoga \/ 2016, 5\u2032, Croatia, Bonobostudio<br \/>\nHere There, Alexander Stewart \/ 2015, 5\u20194\u201d, Croatia, Bonobostudio<br \/>\nPain so Light that Appears as Tickle, Dalibor Bari\u0107 \/ 2010, 4\u201904\u201d, Croatia, Bonobostudio<\/p>\n<p><strong>Living with Modernism \/ 6.45 &#8211; 8.30 pm<\/strong><strong><br \/>\n<\/strong>Abode of Vacancy, Tanja Deman \/ 2011, 7\u2032 15\u201d, Croatia, Tanja Deman<br \/>\nBetonski spava\u010di (eng. Slumbering Concrete): Brief Encounters along the Adriatic road, Sa\u0161a Ban \/ 2016, 50\u2032, Croatia, Hulahop for HTV<br \/>\nZagreb Confidential \u2013 Imaginary Future, Darko Fritz \/ 2015, 14\u2032, Croatia, Marinis Media<br \/>\nSve, jo\u0161 uvijek, u orbiti, Dane Komljen and James Lattimer \/ 2016, 23\u2032, Croatia \/Serbia\/Germany\/Brazil, Restart<\/p>\n<p><strong>Social Reruns \/ 8.30 \u2013 10.00 pm<\/strong><strong><br \/>\n<\/strong>Miramare, Michaela M\u00fcller \/ 2009, 8\u20198\u201d, Croatia\/Switzerland, Academy of Fine Art Zagreb and Michaela M\u00fcller<br \/>\nThe Verdict, \u0110uro Gavran \/ 2012, 11\u2032, Croatia, Pipser d.o.o.<br \/>\nAn Encounter, Igor Bezinovi\u0107 \/ 2009\/2010, 26\u2032, Croatia, RestartDelta \u2013 An Affluence of Art, Marin Lukanovi\u0107 \/ 2015, 26\u2032, Croatia, Filmaktiv<\/p>\n<h4><strong>SATURDAY, 21\/1\/2017 \/ 9.30 am &#8211; 4.00 pm<\/strong><strong><br \/>\n<span style=\"color: #ffcc99;\"><a style=\"color: #ffcc99;\" href=\"https:\/\/zgraf.hr\/en\/practicing-design-conference-zagreb-jan-20-21-2017\/\">Practicing Design conference \/ Lauba<\/a><\/span><\/strong><\/h4>\n<p>Erasmus+ Practicing Design Project is a collaborative venture of three European vocational design organizations: Croatian Designers Association (Croatia), designaustria (Austria), Public Room (Macedonia); two educational institutions: VERN\u2019 University of Applied Sciences (Croatia), Faculty of Art and Design, European University of Republic of Macedonia; two business companies: Prostoria ltd. (Croatia) and Zavar ltd. (Macedonia).<\/p>\n<h4><strong>SUNDAY, 15\/1\/2017<\/strong><strong><br \/>\n<span style=\"color: #ffcc99;\">Laubice \u2013 creative art workshops for children \/ 12.00 am and 3.00 pm \/ Lauba<\/span><\/strong><\/h4>\n<p>Working hours:<br \/>\n<strong>Lauba-People and Art House<\/strong> \/<strong> Zgraf 12 and Eduzgraf<\/strong><strong><br \/>\n<\/strong>Prilaz baruna Filipovi\u0107a 23a, Zagreb<br \/>\nWorking hours: 11.00 am -10.00 pm \/ Monday &#8211; Sunday<\/p>\n<p><strong>Galerija ULUPUH<\/strong> \/ <strong>Grand Prix Zgraf 11 exhibition<\/strong><strong><br \/>\n<\/strong>Tkal\u010di\u0107eva 14, Zagreb<br \/>\nWorking hours: 11.00 am \u2013 5.00 pm \/ Monday &#8211; Friday<br \/>\n10.00 am \u2013 1.00 pm \/ Saturday. Closed on Sundays and holidays.<\/p>\n<p>&nbsp;<\/p>\n<p>&nbsp;<\/p>\n","protected":false},"excerpt":{"rendered":"<p>Programme of Zgraf&#8217;s 12th edition includes Review and Theme exhibition, Grand Prix 11 exhibition, Eduzgraf student exhibition, lectures and workshops for adults and children, film programme Eduzgraf Cinema and Practincing &#8230;<\/p>\n","protected":false},"author":2,"featured_media":0,"parent":0,"menu_order":32,"comment_status":"closed","ping_status":"closed","template":"","meta":{"_acf_changed":false,"inline_featured_image":false,"footnotes":""},"class_list":["post-2488","page","type-page","status-publish","hentry"],"acf":[],"yoast_head":"<!-- This site is optimized with the Yoast SEO plugin v25.8 - https:\/\/yoast.com\/wordpress\/plugins\/seo\/ -->\n<title>Schedule - ZGRAF<\/title>\n<meta name=\"robots\" content=\"index, follow, max-snippet:-1, max-image-preview:large, max-video-preview:-1\" \/>\n<link rel=\"canonical\" href=\"https:\/\/zgraf.hr\/en\/schedule\/\" \/>\n<meta property=\"og:locale\" content=\"en_US\" \/>\n<meta property=\"og:type\" content=\"article\" \/>\n<meta property=\"og:title\" content=\"Schedule - ZGRAF\" \/>\n<meta property=\"og:description\" content=\"Programme of Zgraf&#8217;s 12th edition includes Review and Theme exhibition, Grand Prix 11 exhibition, Eduzgraf student exhibition, lectures and workshops for adults and children, film programme Eduzgraf Cinema and Practincing ...\" \/>\n<meta property=\"og:url\" content=\"https:\/\/zgraf.hr\/en\/schedule\/\" \/>\n<meta property=\"og:site_name\" content=\"ZGRAF\" \/>\n<meta property=\"article:modified_time\" content=\"2017-01-05T14:47:17+00:00\" \/>\n<meta name=\"twitter:card\" content=\"summary_large_image\" \/>\n<meta name=\"twitter:label1\" content=\"Est. reading time\" \/>\n\t<meta name=\"twitter:data1\" content=\"3 minutes\" \/>\n<script type=\"application\/ld+json\" class=\"yoast-schema-graph\">{\"@context\":\"https:\/\/schema.org\",\"@graph\":[{\"@type\":\"WebPage\",\"@id\":\"https:\/\/zgraf.hr\/en\/schedule\/\",\"url\":\"https:\/\/zgraf.hr\/en\/schedule\/\",\"name\":\"Schedule - ZGRAF\",\"isPartOf\":{\"@id\":\"https:\/\/zgraf.hr\/en\/#website\"},\"datePublished\":\"2017-01-02T14:04:12+00:00\",\"dateModified\":\"2017-01-05T14:47:17+00:00\",\"breadcrumb\":{\"@id\":\"https:\/\/zgraf.hr\/en\/schedule\/#breadcrumb\"},\"inLanguage\":\"en-US\",\"potentialAction\":[{\"@type\":\"ReadAction\",\"target\":[\"https:\/\/zgraf.hr\/en\/schedule\/\"]}]},{\"@type\":\"BreadcrumbList\",\"@id\":\"https:\/\/zgraf.hr\/en\/schedule\/#breadcrumb\",\"itemListElement\":[{\"@type\":\"ListItem\",\"position\":1,\"name\":\"Po\u010detna stranica\",\"item\":\"https:\/\/zgraf.hr\/en\/\"},{\"@type\":\"ListItem\",\"position\":2,\"name\":\"Schedule\"}]},{\"@type\":\"WebSite\",\"@id\":\"https:\/\/zgraf.hr\/en\/#website\",\"url\":\"https:\/\/zgraf.hr\/en\/\",\"name\":\"ZGRAF\",\"description\":\"Me\u0111unarodna izlo\u017eba grafi\u010dkog dizajna i vizualnih komunikacija\",\"potentialAction\":[{\"@type\":\"SearchAction\",\"target\":{\"@type\":\"EntryPoint\",\"urlTemplate\":\"https:\/\/zgraf.hr\/en\/?s={search_term_string}\"},\"query-input\":{\"@type\":\"PropertyValueSpecification\",\"valueRequired\":true,\"valueName\":\"search_term_string\"}}],\"inLanguage\":\"en-US\"}]}<\/script>\n<!-- \/ Yoast SEO plugin. -->","yoast_head_json":{"title":"Schedule - ZGRAF","robots":{"index":"index","follow":"follow","max-snippet":"max-snippet:-1","max-image-preview":"max-image-preview:large","max-video-preview":"max-video-preview:-1"},"canonical":"https:\/\/zgraf.hr\/en\/schedule\/","og_locale":"en_US","og_type":"article","og_title":"Schedule - ZGRAF","og_description":"Programme of Zgraf&#8217;s 12th edition includes Review and Theme exhibition, Grand Prix 11 exhibition, Eduzgraf student exhibition, lectures and workshops for adults and children, film programme Eduzgraf Cinema and Practincing ...","og_url":"https:\/\/zgraf.hr\/en\/schedule\/","og_site_name":"ZGRAF","article_modified_time":"2017-01-05T14:47:17+00:00","twitter_card":"summary_large_image","twitter_misc":{"Est. reading time":"3 minutes"},"schema":{"@context":"https:\/\/schema.org","@graph":[{"@type":"WebPage","@id":"https:\/\/zgraf.hr\/en\/schedule\/","url":"https:\/\/zgraf.hr\/en\/schedule\/","name":"Schedule - ZGRAF","isPartOf":{"@id":"https:\/\/zgraf.hr\/en\/#website"},"datePublished":"2017-01-02T14:04:12+00:00","dateModified":"2017-01-05T14:47:17+00:00","breadcrumb":{"@id":"https:\/\/zgraf.hr\/en\/schedule\/#breadcrumb"},"inLanguage":"en-US","potentialAction":[{"@type":"ReadAction","target":["https:\/\/zgraf.hr\/en\/schedule\/"]}]},{"@type":"BreadcrumbList","@id":"https:\/\/zgraf.hr\/en\/schedule\/#breadcrumb","itemListElement":[{"@type":"ListItem","position":1,"name":"Po\u010detna stranica","item":"https:\/\/zgraf.hr\/en\/"},{"@type":"ListItem","position":2,"name":"Schedule"}]},{"@type":"WebSite","@id":"https:\/\/zgraf.hr\/en\/#website","url":"https:\/\/zgraf.hr\/en\/","name":"ZGRAF","description":"Me\u0111unarodna izlo\u017eba grafi\u010dkog dizajna i vizualnih komunikacija","potentialAction":[{"@type":"SearchAction","target":{"@type":"EntryPoint","urlTemplate":"https:\/\/zgraf.hr\/en\/?s={search_term_string}"},"query-input":{"@type":"PropertyValueSpecification","valueRequired":true,"valueName":"search_term_string"}}],"inLanguage":"en-US"}]}},"_links":{"self":[{"href":"https:\/\/zgraf.hr\/en\/wp-json\/wp\/v2\/pages\/2488","targetHints":{"allow":["GET"]}}],"collection":[{"href":"https:\/\/zgraf.hr\/en\/wp-json\/wp\/v2\/pages"}],"about":[{"href":"https:\/\/zgraf.hr\/en\/wp-json\/wp\/v2\/types\/page"}],"author":[{"embeddable":true,"href":"https:\/\/zgraf.hr\/en\/wp-json\/wp\/v2\/users\/2"}],"replies":[{"embeddable":true,"href":"https:\/\/zgraf.hr\/en\/wp-json\/wp\/v2\/comments?post=2488"}],"version-history":[{"count":13,"href":"https:\/\/zgraf.hr\/en\/wp-json\/wp\/v2\/pages\/2488\/revisions"}],"predecessor-version":[{"id":2711,"href":"https:\/\/zgraf.hr\/en\/wp-json\/wp\/v2\/pages\/2488\/revisions\/2711"}],"wp:attachment":[{"href":"https:\/\/zgraf.hr\/en\/wp-json\/wp\/v2\/media?parent=2488"}],"curies":[{"name":"wp","href":"https:\/\/api.w.org\/{rel}","templated":true}]}}