{"id":3329,"date":"2025-01-24T10:29:01","date_gmt":"2025-01-24T09:29:01","guid":{"rendered":"https:\/\/zgraf.hr\/?page_id=3329"},"modified":"2025-01-27T14:28:49","modified_gmt":"2025-01-27T13:28:49","slug":"zgraf-13","status":"publish","type":"page","link":"https:\/\/zgraf.hr\/en\/zgraf-13\/","title":{"rendered":"Zgraf 13"},"content":{"rendered":"<p>In 2025, Zgraf will celebrate the fiftieth anniversary in Zagreb, from June 10th to 24th, and will include:<\/p>\n<ul>\n<li>A review of works created since the last Zgraf edition<\/li>\n<li>Works that respond to the theme of the 13th Zgraf edition &#8211; Pleasure to All<\/li>\n<li>Lectures by members of the International Jury<\/li>\n<li>Exhibition of the Zgraf 12 Grand Prix winners (Marija Juza and Nikola \u0110urek \/ Balkan Sans typeface system)<\/li>\n<li>EduZgraf programme for students (student projects, workshops, lectures, presentations).<\/li>\n<\/ul>\n<h3>Pleasure to all<\/h3>\n<p>The theme of Zgraf 13, Pleasure to All, discusses the dimensions or the preconditions of the idea of pleasure and joy, answering the questions: What are the priorities of personal and what of collective pleasure and do we have them within our reach, or do we have to create them? Is pleasure the ultimate goal, or is it just one of the stations? What does pleasure really represent in a time in which political destabilization and social turbulence meet the decadence that imposes itself as the imperative of modern living?<\/p>\n<p>Bojan Kri\u0161tofi\u0107 postulates pleasure as the basis of happiness, and happiness for all, where design has the role of raising awareness of &#8220;the time that we, as just one of the communities on the planet, no longer have much or any at all&#8221;, where &#8220;design too can participate in achieving happiness, but by no means only for those who live from or for design\u201d. On the other hand, Boris Greiner discusses the aspects of achieving professional pleasure and the ethics of it, as well as the different ways in which individuals reach that pleasure as part of their creative activity: by completely surrendering to pleasure versus by withholding and delaying pleasure.<\/p>\n<p><a href=\"https:\/\/zgraf.hr\/zgraf-13\/bojan-dmitrovic-kristofic\/\">Full article on the theme &#8211; Bojana Dmitrovi\u0107a Kri\u0161tofi\u0107a<\/a><br \/>\n<a href=\"https:\/\/zgraf.hr\/zgraf-13\/boris-greiner\/\">Full article on the theme &#8211; Borisa Greinera<\/a><\/p>\n","protected":false},"excerpt":{"rendered":"<p>In 2025, Zgraf will celebrate the fiftieth anniversary in Zagreb, from June 10th to 24th, and will include: A review of works created since the last Zgraf edition Works that &#8230;<\/p>\n","protected":false},"author":1,"featured_media":0,"parent":0,"menu_order":2,"comment_status":"closed","ping_status":"closed","template":"","meta":{"_acf_changed":false,"inline_featured_image":false,"footnotes":""},"class_list":["post-3329","page","type-page","status-publish","hentry"],"acf":[],"yoast_head":"<!-- This site is optimized with the Yoast SEO plugin v25.8 - https:\/\/yoast.com\/wordpress\/plugins\/seo\/ -->\n<title>Zgraf 13 - ZGRAF<\/title>\n<meta name=\"robots\" content=\"index, follow, max-snippet:-1, max-image-preview:large, max-video-preview:-1\" \/>\n<link rel=\"canonical\" href=\"https:\/\/zgraf.hr\/en\/zgraf-13\/\" \/>\n<meta property=\"og:locale\" content=\"en_US\" \/>\n<meta property=\"og:type\" content=\"article\" \/>\n<meta property=\"og:title\" content=\"Zgraf 13 - ZGRAF\" \/>\n<meta property=\"og:description\" content=\"In 2025, Zgraf will celebrate the fiftieth anniversary in Zagreb, from June 10th to 24th, and will include: A review of works created since the last Zgraf edition Works that ...\" \/>\n<meta property=\"og:url\" content=\"https:\/\/zgraf.hr\/en\/zgraf-13\/\" \/>\n<meta property=\"og:site_name\" content=\"ZGRAF\" \/>\n<meta property=\"article:modified_time\" content=\"2025-01-27T13:28:49+00:00\" \/>\n<meta name=\"twitter:card\" content=\"summary_large_image\" \/>\n<meta name=\"twitter:label1\" content=\"Est. reading time\" \/>\n\t<meta name=\"twitter:data1\" content=\"2 minutes\" \/>\n<script type=\"application\/ld+json\" class=\"yoast-schema-graph\">{\"@context\":\"https:\/\/schema.org\",\"@graph\":[{\"@type\":\"WebPage\",\"@id\":\"https:\/\/zgraf.hr\/en\/zgraf-13\/\",\"url\":\"https:\/\/zgraf.hr\/en\/zgraf-13\/\",\"name\":\"Zgraf 13 - ZGRAF\",\"isPartOf\":{\"@id\":\"https:\/\/zgraf.hr\/en\/#website\"},\"datePublished\":\"2025-01-24T09:29:01+00:00\",\"dateModified\":\"2025-01-27T13:28:49+00:00\",\"breadcrumb\":{\"@id\":\"https:\/\/zgraf.hr\/en\/zgraf-13\/#breadcrumb\"},\"inLanguage\":\"en-US\",\"potentialAction\":[{\"@type\":\"ReadAction\",\"target\":[\"https:\/\/zgraf.hr\/en\/zgraf-13\/\"]}]},{\"@type\":\"BreadcrumbList\",\"@id\":\"https:\/\/zgraf.hr\/en\/zgraf-13\/#breadcrumb\",\"itemListElement\":[{\"@type\":\"ListItem\",\"position\":1,\"name\":\"Po\u010detna stranica\",\"item\":\"https:\/\/zgraf.hr\/en\/\"},{\"@type\":\"ListItem\",\"position\":2,\"name\":\"Zgraf 13\"}]},{\"@type\":\"WebSite\",\"@id\":\"https:\/\/zgraf.hr\/en\/#website\",\"url\":\"https:\/\/zgraf.hr\/en\/\",\"name\":\"ZGRAF\",\"description\":\"Me\u0111unarodna izlo\u017eba grafi\u010dkog dizajna i vizualnih komunikacija\",\"potentialAction\":[{\"@type\":\"SearchAction\",\"target\":{\"@type\":\"EntryPoint\",\"urlTemplate\":\"https:\/\/zgraf.hr\/en\/?s={search_term_string}\"},\"query-input\":{\"@type\":\"PropertyValueSpecification\",\"valueRequired\":true,\"valueName\":\"search_term_string\"}}],\"inLanguage\":\"en-US\"}]}<\/script>\n<!-- \/ Yoast SEO plugin. -->","yoast_head_json":{"title":"Zgraf 13 - ZGRAF","robots":{"index":"index","follow":"follow","max-snippet":"max-snippet:-1","max-image-preview":"max-image-preview:large","max-video-preview":"max-video-preview:-1"},"canonical":"https:\/\/zgraf.hr\/en\/zgraf-13\/","og_locale":"en_US","og_type":"article","og_title":"Zgraf 13 - ZGRAF","og_description":"In 2025, Zgraf will celebrate the fiftieth anniversary in Zagreb, from June 10th to 24th, and will include: A review of works created since the last Zgraf edition Works that ...","og_url":"https:\/\/zgraf.hr\/en\/zgraf-13\/","og_site_name":"ZGRAF","article_modified_time":"2025-01-27T13:28:49+00:00","twitter_card":"summary_large_image","twitter_misc":{"Est. reading time":"2 minutes"},"schema":{"@context":"https:\/\/schema.org","@graph":[{"@type":"WebPage","@id":"https:\/\/zgraf.hr\/en\/zgraf-13\/","url":"https:\/\/zgraf.hr\/en\/zgraf-13\/","name":"Zgraf 13 - ZGRAF","isPartOf":{"@id":"https:\/\/zgraf.hr\/en\/#website"},"datePublished":"2025-01-24T09:29:01+00:00","dateModified":"2025-01-27T13:28:49+00:00","breadcrumb":{"@id":"https:\/\/zgraf.hr\/en\/zgraf-13\/#breadcrumb"},"inLanguage":"en-US","potentialAction":[{"@type":"ReadAction","target":["https:\/\/zgraf.hr\/en\/zgraf-13\/"]}]},{"@type":"BreadcrumbList","@id":"https:\/\/zgraf.hr\/en\/zgraf-13\/#breadcrumb","itemListElement":[{"@type":"ListItem","position":1,"name":"Po\u010detna stranica","item":"https:\/\/zgraf.hr\/en\/"},{"@type":"ListItem","position":2,"name":"Zgraf 13"}]},{"@type":"WebSite","@id":"https:\/\/zgraf.hr\/en\/#website","url":"https:\/\/zgraf.hr\/en\/","name":"ZGRAF","description":"Me\u0111unarodna izlo\u017eba grafi\u010dkog dizajna i vizualnih komunikacija","potentialAction":[{"@type":"SearchAction","target":{"@type":"EntryPoint","urlTemplate":"https:\/\/zgraf.hr\/en\/?s={search_term_string}"},"query-input":{"@type":"PropertyValueSpecification","valueRequired":true,"valueName":"search_term_string"}}],"inLanguage":"en-US"}]}},"_links":{"self":[{"href":"https:\/\/zgraf.hr\/en\/wp-json\/wp\/v2\/pages\/3329","targetHints":{"allow":["GET"]}}],"collection":[{"href":"https:\/\/zgraf.hr\/en\/wp-json\/wp\/v2\/pages"}],"about":[{"href":"https:\/\/zgraf.hr\/en\/wp-json\/wp\/v2\/types\/page"}],"author":[{"embeddable":true,"href":"https:\/\/zgraf.hr\/en\/wp-json\/wp\/v2\/users\/1"}],"replies":[{"embeddable":true,"href":"https:\/\/zgraf.hr\/en\/wp-json\/wp\/v2\/comments?post=3329"}],"version-history":[{"count":5,"href":"https:\/\/zgraf.hr\/en\/wp-json\/wp\/v2\/pages\/3329\/revisions"}],"predecessor-version":[{"id":3439,"href":"https:\/\/zgraf.hr\/en\/wp-json\/wp\/v2\/pages\/3329\/revisions\/3439"}],"wp:attachment":[{"href":"https:\/\/zgraf.hr\/en\/wp-json\/wp\/v2\/media?parent=3329"}],"curies":[{"name":"wp","href":"https:\/\/api.w.org\/{rel}","templated":true}]}}