{"id":3500,"date":"2025-01-28T09:46:57","date_gmt":"2025-01-28T08:46:57","guid":{"rendered":"https:\/\/zgraf.hr\/?page_id=3500"},"modified":"2025-04-22T09:45:17","modified_gmt":"2025-04-22T07:45:17","slug":"call-contest-conditions","status":"publish","type":"page","link":"https:\/\/zgraf.hr\/en\/zgraf-13\/call-contest-conditions\/","title":{"rendered":"Call Terms and Conditions"},"content":{"rendered":"<p>Croatian Association of Artists of Applied Art (ULUPUH) invites you to participate in the International Exhibition of Graphic Design and Visual Communications Zgraf 13, to be held from June 10th to 24th, 2025 in Zagreb. Selected works will be exhibited at the exhibition and featured in the exhibition catalogue.<\/p>\n<h3>Zgraf 13 PROGRAMME:<\/h3>\n<p><strong>1. Main Exhibition \u2502 French Pavilion (SCZG), June 10th-24th, 2025<\/strong><\/p>\n<p>The Main Exhibition consists of two parts \u2013 Review and Theme.<\/p>\n<p><strong>a) REVIEW<\/strong> \u2013 an international exhibition of selected works in the field of graphic design and visual communications<br \/>\n<strong>b) THEME<\/strong> \u2013 an international exhibition of selected realised works and works designed specifically for this exhibition on the theme of PLEASURE TO ALL<\/p>\n<p><strong>2. EduZgraf \u2502 AMZ Gallery, June 16th\u201324th, 2025<\/strong><\/p>\n<p>An accompanying educational program and a creative platform consisting of a professional workshop with lectures, as well as the exhibition &#8211; a result of an open poster competitions for local and international students of design and visual communications, on the theme (Dis)pleasure to All.<\/p>\n<p><strong>3. Solo exhibition of the winners of the Zgraf 12 Grand Prix \u2502 Serbian Cultural Centre, June 13th \u2013 24th, 2025<\/strong><\/p>\n<p>Exhibition of Marija Juza and Nikola \u0110urek, winners of the Zgraf 12 Grand Prix.<\/p>\n<p><strong>4. Zgraf Words \u2502 Algebra Bernays University, June 11 (11 \u2013 15 h)<\/strong><\/p>\n<p>A series of lectures by the members of the International Jury in the field of design and visual communications with panel discussions.<\/p>\n<p><strong>5. Solo Exhibition &#8211; Peter Bankov \u2013 Posters, KIC \u2013 Culture and Information centre (2nd floor Gallery), Preradovi\u0107eva 5, June 11 \u2013 24, 2025<\/strong><\/p>\n<h3>How to apply?<\/h3>\n<p>All works must be submitted exclusively at <a href=\"http:\/\/www.zgraf.hr\">www.zgraf.hr<\/a>, via the electronic application form available here: <em>Deadline has expired<\/em>. The first part of the application form includes the electronic payment of the registration fee, following which a link to the second part of the application form will be generated.<\/p>\n<p>Submission deadline is\u00a0<strong>April 3rd, 2025 at 23:59 CET.<\/strong><\/p>\n<p>Instructions for uploading materials:<\/p>\n<p><strong>Categories A \/ 1-7, 9<\/strong><\/p>\n<p>Documents for uploading should be in .jpeg format, CMYK, 300 dpi in resolution, approximately A4 size (210 x 297 mm) and named <em>name_surname_title_of_work_numberofwork.jpg<\/em> (e.g. <em>Ivan_Horvat_poster_3.jpg<\/em>). Textual explanation in .rtf format, consisting of up to 1000 characters, may be attached along with the work. All documents must be archived together in .zip format, named <em>name_surname_title_of_work.zip<\/em> (e.g. <em>Ivan_Horvat_poster.zip<\/em>) and uploaded via the electronic application form.<\/p>\n<p><strong>Category A \/ 8<\/strong><\/p>\n<p>Documents for uploading should consist of 3 previews of the submitted work (chosen by the author) in .jpeg format, CMYK, 300 dpi in resolution, approximately A4 size (210 x 297 mm) and named <em>name_surname_title_of_work_numberofwork.jpg<\/em> (e.g. <em>Ivan_Horvat_poster_3.jpg<\/em>). Furthermore, in the appropriate field in the electronic application form a link to the realized work or work uploaded to an internet channel (e.g. <em>http:\/\/vimeo.com\/<\/em>) should be provided. In addition to previews of the work and the URL, textual explanation in .rtf format, consisting of up to 1000 characters, may be added. All documents must be compressed in .zip format, named <em>name_surname_title_of_work.zip<\/em> (e.g. <em>Ivan_Horvat_poster.zip<\/em>) and uploaded via the electronic application form.<\/p>\n<p><strong>Category B\/ \u201cPleasure to All\u201d<\/strong><\/p>\n<p>Documents for uploading should be in .jpeg format, CMYK, 300 dpi in resolution, approximately A4 size (210 x 297 mm) and named name_surname_title_of_work_numberofwork.jpg (e.g. <em>Ivan_Horvat_poster_3.jpg<\/em>). Textual explanation in .rtf, consisting of up to 1000 characters, may be attached along with the work. All documents must be archived together in .zip format, named <em>name_surname_title_of_work.zip<\/em> (e.g. <em>Ivan_Horvat_poster.zip<\/em>) and uploaded via the electronic application form.<\/p>\n<p><strong>Participation Fee<\/strong><\/p>\n<p>The participation fee varies, depending on the country (zone) of the applicant. In addition, the participation fee per individual work decreases as the number of submitted works increases. Payments are to be made electronically during the first step of the electronic application system.<\/p>\n<h3>Application process<\/h3>\n<p>The main exhibition of Zgraf 13 is an international exhibition in the field of graphic design and visual communications, and includes the review of selected works in the field of graphic design and visual communications, as well as an exhibition of selected works that problematize the presented theme.<\/p>\n<p>Works for both parts of the exhibition will be accepted from February 5th to April 3rd, 2025 (23:59 CET).<\/p>\n<p><strong>A) Review<\/strong><\/p>\n<p>The Review is an international exhibition of selected works in the field of graphic design and visual communications. The exhibition includes works realized from 2017 to the submission deadline.<\/p>\n<p>Works may be submitted exclusively by authors or groups of authors \/ a studio or an agency. Each author or group of authors may submit a maximum of five works. Authors working in a group may submit five works separately if they were created independently of the group and are not signed as group work. If an author submits more works than the maximum, the first five submitted works will be accepted, while everything over the maximum will not be taken into account.<\/p>\n<p>Entries are submitted via the electronic application form in the following categories:<\/p>\n<p>1. Visual identities and branding<\/p>\n<ul>\n<li>Logo \/ brand symbol<\/li>\n<li>Visual identity applications<\/li>\n<li>Advertisement, a series of advertisements (promotional campaign)<\/li>\n<\/ul>\n<p>2. Packaging<\/p>\n<ul>\n<li>Food and beverage packaging<\/li>\n<li>Consumer packaging<\/li>\n<li>Packaging \u2013 other<\/li>\n<\/ul>\n<p>3. Poster<\/p>\n<ul>\n<li>Single poster<\/li>\n<li>A series of posters<\/li>\n<\/ul>\n<p>4. Publications<\/p>\n<ul>\n<li>Covers: books, film \/ video and music \u2013 single and series<\/li>\n<li>Books and publications (layout design) \u2013 single and series<\/li>\n<li>\u201cCollateral\u201d (catalogue, promotional brochures and booklets, annual reports, calendars, etc.)<\/li>\n<li>Periodicals (magazines, newspapers)<\/li>\n<\/ul>\n<p>5. Information design<\/p>\n<ul>\n<li>Data visualization<\/li>\n<li>Signage and spatial orientation<\/li>\n<li>Spatial information design (technological installations, AR navigation, exhibition design, etc.)<\/li>\n<\/ul>\n<p>6. Typography<\/p>\n<ul>\n<li>Original typeface<\/li>\n<li>Experimental typography (graffiti, etc.)<\/li>\n<\/ul>\n<p>7. Illustration<\/p>\n<ul>\n<li>Illustration for books and editorial content<\/li>\n<li>Corporate illustration<\/li>\n<\/ul>\n<p>8. Design in the digital media<\/p>\n<ul>\n<li>UX\/UI design<\/li>\n<li>Micro-animations (motion graphics for web or applications)<\/li>\n<\/ul>\n<p>9. Experimental and conceptual design<\/p>\n<ul>\n<li>Conceptual projects<\/li>\n<\/ul>\n<p><strong>B) Theme<\/strong><\/p>\n<p>The international exhibition \u201cPleasure to All\u201d will include works that can be realized, conceived as conceptual solutions or created especially for this occasion. The works may be realized in any medium under the condition that they problematize the theme in some way.<\/p>\n<p>The full text on the theme can be found\u00a0<a href=\"https:\/\/zgraf.hr\/en\/zgraf-13\/\">here<\/a>.<\/p>\n<p>Note: The organizer reserves the right to publish and use submitted works in Zgraf publications and advertisements, as well as for marketing and promotional purposes.<\/p>\n<h3>Sending the selected works<\/h3>\n<p>The works selected to compete for Zgraf awards must be submitted no later than May 15th, 2025 to the following address:<\/p>\n<p>ULUPUH \/ ZGRAF 13<br \/>\nPreradovi\u0107eva 44<br \/>\n10000 Zagreb<br \/>\nHrvatska<\/p>\n<p>(for postal items, please specify \u201cCompetition work\/no commercial value\/free domicile\u201d).<\/p>\n<h3>Instructions for sending the works:<\/h3>\n<p><strong>Categories A \/ 1-7<\/strong><\/p>\n<p>Works up to B1 size should be submitted in original. Works larger than B1 should be sent as reproductions (digital print), proof quality in sizes up to B1 (minimum size is A3).<\/p>\n<p><strong>Category A \/ 8<\/strong><\/p>\n<p>Works from the field of television and film should be sent on DVDs, in mp4 format. Multimedia applications and presentations should be sent in their original form on DVDs. Web pages or their parts (banners) should be sent on DVDs. The organizer will not bear the costs of transport or insurance of the works. Selected works should be sent in one copy and will permanently remain in the possession of Zgraf collection.<\/p>\n<h3>Selection process<\/h3>\n<p>Submitted works will be selected by a Selection Committee consisting of:\u00a0<strong>Luka Bor\u010di\u0107, Damir Brali\u0107, Robert \u010canak, Marija Juza, Borut Wild (RS)<\/strong>.<\/p>\n<p>The authors of submitted works will be notified on the outcome of the competition by email no later than April 23rd, 2025. Within the same period, the list of authors of accepted papers will be published at <a href=\"http:\/\/www.zgraf.hr\">www.zgraf.hr<\/a>.<\/p>\n<h3>Catalogue<\/h3>\n<p>The organizer will prepare a catalogue of selected works in Croatian and English, along with the exhibition. Each work will be represented by at least one reproduction. The zgraf 13 catalogue of works will be published during the exhibition in electronic form and available on the Zgraf website, with the option of downloading, and the Organizer plans to produce a printed edition later, with additional material dedicated to the 50th anniversary of Zgraf.<\/p>\n<h3>Awards<\/h3>\n<p>All selected works will enter the competition for awards.<\/p>\n<p>Awards by the International Jury will be awarded by jurors:\u00a0<strong>Peter Bankov (CZ), Don Ryun Chang (KR), Izvorka Juri\u0107 (HR), Melike Ta\u015fc\u0131o\u011flu (TR), Lawrence Zeegen (UK)<\/strong>.<\/p>\n<p>Regular Zgraf awards:<\/p>\n<ul>\n<li><strong>Zgraf Grand Prix<\/strong> \u2013 awarded by the International Jury;<\/li>\n<li><strong>Zgraf 1<\/strong> \u2013 awarded by the International Jury;<\/li>\n<li><strong>Zgraf 2<\/strong> \u2013 awarded by the International Jury;<\/li>\n<li><strong>Zgraf Excellence Award<\/strong> &#8211; for special achievement &#8211; awarded by the International Jury<\/li>\n<li><strong>Zgraf Welcome<\/strong> \u2013 for young designers\/groups up to 27 years of age<\/li>\n<\/ul>\n<p>Honourable mentions (max. 10) \u2013 1 to 2 awards in each category, based on the assessment of the quality of works, awarded by the International Jury;<\/p>\n<p><strong>AICA award<\/strong>\u00a0\u2013 The AICA Award (International Association of Art Critics Award) is awarded by the Jury appointed by the Croatian branch of AICA:\u00a0<strong>Boris Greiner, Bojan Kri\u0161tofi\u0107, Fe\u0111a Vuki\u0107<\/strong>.<\/p>\n<p>The awards will be announced on June 10th, 2025 at the opening of Zgraf 13 and available simultaneously at www.zgraf.hr. The International Jury has the right not to give awards if no work, in its opinion, meets the standard for the award. The International Jury has the right to redistribute or halve the awards in proportions that, in its opinion, correspond to the standard of the work.<\/p>\n<p><b><span data-contrast=\"auto\">Author<\/span><\/b><span data-ccp-props=\"{&quot;335559739&quot;:0}\">\u00a0<\/span><\/p>\n<p><span data-contrast=\"auto\">By applying, the author agrees to the terms and conditions of this call for submissions and is morally and materially responsible for the accuracy of the dation provided.<\/span><span data-ccp-props=\"{&quot;335559739&quot;:0}\">\u00a0<\/span><\/p>\n<p><b><span data-contrast=\"auto\">Contact person<\/span><\/b><span data-ccp-props=\"{&quot;335559739&quot;:0}\"><br \/>\n<\/span><span data-contrast=\"auto\">Gabrijela Mami\u0107<\/span><span data-ccp-props=\"{&quot;335559739&quot;:0}\">\u00a0<\/span><\/p>\n<p><span data-contrast=\"auto\"><a href=\"mailto:zgraf@zgraf.hr\">zgraf@zgraf.hr<\/a> \u2502 <a href=\"mailto:gabrijela@lab852.com\">gabrijela@lab852.com<\/a><\/span><span data-ccp-props=\"{&quot;335559739&quot;:0}\">\u00a0<\/span><\/p>\n<p><span data-contrast=\"auto\">mobile: 00 385 (0)99 561 5589<\/span><span data-ccp-props=\"{&quot;335559739&quot;:0}\">\u00a0<\/span><\/p>\n<p><a href=\"http:\/\/www.zgraf.hr\"><span data-contrast=\"auto\">www.zgraf.hr<\/span><span data-ccp-props=\"{&quot;335559739&quot;:0}\">\u00a0<\/span><\/a><\/p>\n<p><b><span data-contrast=\"auto\">Organiser:<\/span><\/b><span data-contrast=\"auto\"> ULUPUH &#8211; Croatian Association of Artists of Applied Arts\u00a0<\/span><span data-ccp-props=\"{&quot;335559739&quot;:0}\">\u00a0<\/span><\/p>\n<p><b><span data-contrast=\"auto\">Partners:\u00a0<\/span><\/b>Algebra Bernays University, Archeological Museum in Zagreb Gallery, Croatian Designers Association, French Pavilion (SCZG), National Museum of Modern Art in Zagreb, Oris House of Architecture, Serbian Cultural Center in Zagreb, Zagreb Design Week<\/p>\n<p><b><span data-contrast=\"auto\">Supported by:<\/span><\/b><span data-contrast=\"auto\"> Ministry of Culture and Media of the Republic of Croatia and the City Office for Culture and Civil Society<\/span><span data-ccp-props=\"{&quot;335559739&quot;:0}\">\u00a0<\/span><\/p>\n","protected":false},"excerpt":{"rendered":"<p>Croatian Association of Artists of Applied Art (ULUPUH) invites you to participate in the International Exhibition of Graphic Design and Visual Communications Zgraf 13, to be held from June 10th &#8230;<\/p>\n","protected":false},"author":1,"featured_media":0,"parent":3329,"menu_order":0,"comment_status":"closed","ping_status":"closed","template":"","meta":{"_acf_changed":false,"inline_featured_image":false,"footnotes":""},"class_list":["post-3500","page","type-page","status-publish","hentry"],"acf":[],"yoast_head":"<!-- This site is optimized with the Yoast SEO plugin v25.8 - https:\/\/yoast.com\/wordpress\/plugins\/seo\/ -->\n<title>Call Terms and Conditions - ZGRAF<\/title>\n<meta name=\"robots\" content=\"index, follow, max-snippet:-1, max-image-preview:large, max-video-preview:-1\" \/>\n<link rel=\"canonical\" href=\"https:\/\/zgraf.hr\/en\/zgraf-13\/call-contest-conditions\/\" \/>\n<meta property=\"og:locale\" content=\"en_US\" \/>\n<meta property=\"og:type\" content=\"article\" \/>\n<meta property=\"og:title\" content=\"Call Terms and Conditions - ZGRAF\" \/>\n<meta property=\"og:description\" content=\"Croatian Association of Artists of Applied Art (ULUPUH) invites you to participate in the International Exhibition of Graphic Design and Visual Communications Zgraf 13, to be held from June 10th ...\" \/>\n<meta property=\"og:url\" content=\"https:\/\/zgraf.hr\/en\/zgraf-13\/call-contest-conditions\/\" \/>\n<meta property=\"og:site_name\" content=\"ZGRAF\" \/>\n<meta property=\"article:modified_time\" content=\"2025-04-22T07:45:17+00:00\" \/>\n<meta name=\"twitter:card\" content=\"summary_large_image\" \/>\n<meta name=\"twitter:label1\" content=\"Est. reading time\" \/>\n\t<meta name=\"twitter:data1\" content=\"9 minutes\" \/>\n<script type=\"application\/ld+json\" class=\"yoast-schema-graph\">{\"@context\":\"https:\/\/schema.org\",\"@graph\":[{\"@type\":\"WebPage\",\"@id\":\"https:\/\/zgraf.hr\/en\/zgraf-13\/call-contest-conditions\/\",\"url\":\"https:\/\/zgraf.hr\/en\/zgraf-13\/call-contest-conditions\/\",\"name\":\"Call Terms and Conditions - ZGRAF\",\"isPartOf\":{\"@id\":\"https:\/\/zgraf.hr\/en\/#website\"},\"datePublished\":\"2025-01-28T08:46:57+00:00\",\"dateModified\":\"2025-04-22T07:45:17+00:00\",\"breadcrumb\":{\"@id\":\"https:\/\/zgraf.hr\/en\/zgraf-13\/call-contest-conditions\/#breadcrumb\"},\"inLanguage\":\"en-US\",\"potentialAction\":[{\"@type\":\"ReadAction\",\"target\":[\"https:\/\/zgraf.hr\/en\/zgraf-13\/call-contest-conditions\/\"]}]},{\"@type\":\"BreadcrumbList\",\"@id\":\"https:\/\/zgraf.hr\/en\/zgraf-13\/call-contest-conditions\/#breadcrumb\",\"itemListElement\":[{\"@type\":\"ListItem\",\"position\":1,\"name\":\"Po\u010detna stranica\",\"item\":\"https:\/\/zgraf.hr\/en\/\"},{\"@type\":\"ListItem\",\"position\":2,\"name\":\"Zgraf 13\",\"item\":\"https:\/\/zgraf.hr\/en\/zgraf-13\/\"},{\"@type\":\"ListItem\",\"position\":3,\"name\":\"Call Terms and Conditions\"}]},{\"@type\":\"WebSite\",\"@id\":\"https:\/\/zgraf.hr\/en\/#website\",\"url\":\"https:\/\/zgraf.hr\/en\/\",\"name\":\"ZGRAF\",\"description\":\"Me\u0111unarodna izlo\u017eba grafi\u010dkog dizajna i vizualnih komunikacija\",\"potentialAction\":[{\"@type\":\"SearchAction\",\"target\":{\"@type\":\"EntryPoint\",\"urlTemplate\":\"https:\/\/zgraf.hr\/en\/?s={search_term_string}\"},\"query-input\":{\"@type\":\"PropertyValueSpecification\",\"valueRequired\":true,\"valueName\":\"search_term_string\"}}],\"inLanguage\":\"en-US\"}]}<\/script>\n<!-- \/ Yoast SEO plugin. -->","yoast_head_json":{"title":"Call Terms and Conditions - ZGRAF","robots":{"index":"index","follow":"follow","max-snippet":"max-snippet:-1","max-image-preview":"max-image-preview:large","max-video-preview":"max-video-preview:-1"},"canonical":"https:\/\/zgraf.hr\/en\/zgraf-13\/call-contest-conditions\/","og_locale":"en_US","og_type":"article","og_title":"Call Terms and Conditions - ZGRAF","og_description":"Croatian Association of Artists of Applied Art (ULUPUH) invites you to participate in the International Exhibition of Graphic Design and Visual Communications Zgraf 13, to be held from June 10th ...","og_url":"https:\/\/zgraf.hr\/en\/zgraf-13\/call-contest-conditions\/","og_site_name":"ZGRAF","article_modified_time":"2025-04-22T07:45:17+00:00","twitter_card":"summary_large_image","twitter_misc":{"Est. reading time":"9 minutes"},"schema":{"@context":"https:\/\/schema.org","@graph":[{"@type":"WebPage","@id":"https:\/\/zgraf.hr\/en\/zgraf-13\/call-contest-conditions\/","url":"https:\/\/zgraf.hr\/en\/zgraf-13\/call-contest-conditions\/","name":"Call Terms and Conditions - ZGRAF","isPartOf":{"@id":"https:\/\/zgraf.hr\/en\/#website"},"datePublished":"2025-01-28T08:46:57+00:00","dateModified":"2025-04-22T07:45:17+00:00","breadcrumb":{"@id":"https:\/\/zgraf.hr\/en\/zgraf-13\/call-contest-conditions\/#breadcrumb"},"inLanguage":"en-US","potentialAction":[{"@type":"ReadAction","target":["https:\/\/zgraf.hr\/en\/zgraf-13\/call-contest-conditions\/"]}]},{"@type":"BreadcrumbList","@id":"https:\/\/zgraf.hr\/en\/zgraf-13\/call-contest-conditions\/#breadcrumb","itemListElement":[{"@type":"ListItem","position":1,"name":"Po\u010detna stranica","item":"https:\/\/zgraf.hr\/en\/"},{"@type":"ListItem","position":2,"name":"Zgraf 13","item":"https:\/\/zgraf.hr\/en\/zgraf-13\/"},{"@type":"ListItem","position":3,"name":"Call Terms and Conditions"}]},{"@type":"WebSite","@id":"https:\/\/zgraf.hr\/en\/#website","url":"https:\/\/zgraf.hr\/en\/","name":"ZGRAF","description":"Me\u0111unarodna izlo\u017eba grafi\u010dkog dizajna i vizualnih komunikacija","potentialAction":[{"@type":"SearchAction","target":{"@type":"EntryPoint","urlTemplate":"https:\/\/zgraf.hr\/en\/?s={search_term_string}"},"query-input":{"@type":"PropertyValueSpecification","valueRequired":true,"valueName":"search_term_string"}}],"inLanguage":"en-US"}]}},"_links":{"self":[{"href":"https:\/\/zgraf.hr\/en\/wp-json\/wp\/v2\/pages\/3500","targetHints":{"allow":["GET"]}}],"collection":[{"href":"https:\/\/zgraf.hr\/en\/wp-json\/wp\/v2\/pages"}],"about":[{"href":"https:\/\/zgraf.hr\/en\/wp-json\/wp\/v2\/types\/page"}],"author":[{"embeddable":true,"href":"https:\/\/zgraf.hr\/en\/wp-json\/wp\/v2\/users\/1"}],"replies":[{"embeddable":true,"href":"https:\/\/zgraf.hr\/en\/wp-json\/wp\/v2\/comments?post=3500"}],"version-history":[{"count":20,"href":"https:\/\/zgraf.hr\/en\/wp-json\/wp\/v2\/pages\/3500\/revisions"}],"predecessor-version":[{"id":4014,"href":"https:\/\/zgraf.hr\/en\/wp-json\/wp\/v2\/pages\/3500\/revisions\/4014"}],"up":[{"embeddable":true,"href":"https:\/\/zgraf.hr\/en\/wp-json\/wp\/v2\/pages\/3329"}],"wp:attachment":[{"href":"https:\/\/zgraf.hr\/en\/wp-json\/wp\/v2\/media?parent=3500"}],"curies":[{"name":"wp","href":"https:\/\/api.w.org\/{rel}","templated":true}]}}