{"id":3748,"date":"2025-03-27T09:04:39","date_gmt":"2025-03-27T08:04:39","guid":{"rendered":"https:\/\/zgraf.hr\/?page_id=3748"},"modified":"2025-03-31T11:59:12","modified_gmt":"2025-03-31T09:59:12","slug":"edu-zgraf-programme","status":"publish","type":"page","link":"https:\/\/zgraf.hr\/en\/edu-zgraf\/edu-zgraf-programme\/","title":{"rendered":"EDU zgraf programme"},"content":{"rendered":"<img loading=\"lazy\" decoding=\"async\" class=\"alignnone size-large wp-image-3814\" src=\"https:\/\/zgraf.hr\/wp-content\/uploads\/2025\/03\/zgraf-12-workshop-5cb-1024x356.jpg\" alt=\"\" width=\"800\" height=\"278\" srcset=\"https:\/\/zgraf.hr\/wp-content\/uploads\/2025\/03\/zgraf-12-workshop-5cb-1024x356.jpg 1024w, https:\/\/zgraf.hr\/wp-content\/uploads\/2025\/03\/zgraf-12-workshop-5cb-300x104.jpg 300w, https:\/\/zgraf.hr\/wp-content\/uploads\/2025\/03\/zgraf-12-workshop-5cb-768x267.jpg 768w, https:\/\/zgraf.hr\/wp-content\/uploads\/2025\/03\/zgraf-12-workshop-5cb-1536x534.jpg 1536w, https:\/\/zgraf.hr\/wp-content\/uploads\/2025\/03\/zgraf-12-workshop-5cb-600x209.jpg 600w, https:\/\/zgraf.hr\/wp-content\/uploads\/2025\/03\/zgraf-12-workshop-5cb.jpg 1644w\" sizes=\"auto, (max-width: 800px) 100vw, 800px\" \/>\n<p><strong>June 16 &#8211; 18, 2025<br \/>\n<\/strong>Student Workshops with Guest Lectures<\/p>\n<p><strong>June 18, 2025 at 19 h<br \/>\n<\/strong><em>Presentation of the student workshop<\/em> (invited faculties from Croatia)<br \/>\n<em>Opening of International Students Poster Exhibition<\/em><\/p>\n<p><strong>June 18 &#8211; 24, 2025<br \/>\n<\/strong>Exhibition of selected student posters &amp; Workshops<\/p>\n<img loading=\"lazy\" decoding=\"async\" class=\"alignnone size-large wp-image-3816\" src=\"https:\/\/zgraf.hr\/wp-content\/uploads\/2025\/03\/zgraf-12-workshop-4cb-1024x398.jpg\" alt=\"\" width=\"800\" height=\"311\" srcset=\"https:\/\/zgraf.hr\/wp-content\/uploads\/2025\/03\/zgraf-12-workshop-4cb-1024x398.jpg 1024w, https:\/\/zgraf.hr\/wp-content\/uploads\/2025\/03\/zgraf-12-workshop-4cb-300x117.jpg 300w, https:\/\/zgraf.hr\/wp-content\/uploads\/2025\/03\/zgraf-12-workshop-4cb-768x299.jpg 768w, https:\/\/zgraf.hr\/wp-content\/uploads\/2025\/03\/zgraf-12-workshop-4cb-1536x597.jpg 1536w, https:\/\/zgraf.hr\/wp-content\/uploads\/2025\/03\/zgraf-12-workshop-4cb-600x233.jpg 600w, https:\/\/zgraf.hr\/wp-content\/uploads\/2025\/03\/zgraf-12-workshop-4cb.jpg 1644w\" sizes=\"auto, (max-width: 800px) 100vw, 800px\" \/>\n<p><strong>Location<br \/>\n<\/strong>AMZ Gallery<br \/>\n<a href=\"https:\/\/www.google.com\/maps\/search\/Ul.+Pavla+Hatza+6+%2F+Zagreb+Croatia?entry=gmail&amp;source=g\">Ul. Pavla Hatza 6, Zagreb Croatia<\/a><\/p>\n<p><strong>Working hours:<\/strong><strong><br \/>\n<\/strong>TU &#8211; FRI\u00a0 12:00 \u2013 18:00 \/ SAT 10:00 \u2013 13:00<br \/>\n<a href=\"https:\/\/www.amz.hr\/en\/visit\/gallery-amz\/\">https:\/\/www.amz.hr\/en\/visit\/gallery-amz\/<\/a><\/p>\n<p><strong>Edu-zgraf leadership &amp; production<\/strong>:<br \/>\nSanja Rocco, Ph. D. &amp; Doc. Art.\u00a0Luka Bor\u010di\u0107<\/p>\n","protected":false},"excerpt":{"rendered":"<p>June 16 &#8211; 18, 2025 Student Workshops with Guest Lectures June 18, 2025 at 19 h Presentation of the student workshop (invited faculties from Croatia) Opening of International Students Poster &#8230;<\/p>\n","protected":false},"author":1,"featured_media":0,"parent":3763,"menu_order":5,"comment_status":"closed","ping_status":"closed","template":"","meta":{"_acf_changed":false,"inline_featured_image":false,"footnotes":""},"class_list":["post-3748","page","type-page","status-publish","hentry"],"acf":[],"yoast_head":"<!-- This site is optimized with the Yoast SEO plugin v25.8 - https:\/\/yoast.com\/wordpress\/plugins\/seo\/ -->\n<title>EDU zgraf programme - ZGRAF<\/title>\n<meta name=\"robots\" content=\"index, follow, max-snippet:-1, max-image-preview:large, max-video-preview:-1\" \/>\n<link rel=\"canonical\" href=\"https:\/\/zgraf.hr\/en\/edu-zgraf\/edu-zgraf-programme\/\" \/>\n<meta property=\"og:locale\" content=\"en_US\" \/>\n<meta property=\"og:type\" content=\"article\" \/>\n<meta property=\"og:title\" content=\"EDU zgraf programme - ZGRAF\" \/>\n<meta property=\"og:description\" content=\"June 16 &#8211; 18, 2025 Student Workshops with Guest Lectures June 18, 2025 at 19 h Presentation of the student workshop (invited faculties from Croatia) Opening of International Students Poster ...\" \/>\n<meta property=\"og:url\" content=\"https:\/\/zgraf.hr\/en\/edu-zgraf\/edu-zgraf-programme\/\" \/>\n<meta property=\"og:site_name\" content=\"ZGRAF\" \/>\n<meta property=\"article:modified_time\" content=\"2025-03-31T09:59:12+00:00\" \/>\n<meta property=\"og:image\" content=\"https:\/\/zgraf.hr\/wp-content\/uploads\/2025\/03\/zgraf-12-workshop-5cb.jpg\" \/>\n\t<meta property=\"og:image:width\" content=\"1644\" \/>\n\t<meta property=\"og:image:height\" content=\"572\" \/>\n\t<meta property=\"og:image:type\" content=\"image\/jpeg\" \/>\n<meta name=\"twitter:card\" content=\"summary_large_image\" \/>\n<meta name=\"twitter:label1\" content=\"Est. reading time\" \/>\n\t<meta name=\"twitter:data1\" content=\"1 minute\" \/>\n<script type=\"application\/ld+json\" class=\"yoast-schema-graph\">{\"@context\":\"https:\/\/schema.org\",\"@graph\":[{\"@type\":\"WebPage\",\"@id\":\"https:\/\/zgraf.hr\/en\/edu-zgraf\/edu-zgraf-programme\/\",\"url\":\"https:\/\/zgraf.hr\/en\/edu-zgraf\/edu-zgraf-programme\/\",\"name\":\"EDU zgraf programme - ZGRAF\",\"isPartOf\":{\"@id\":\"https:\/\/zgraf.hr\/en\/#website\"},\"primaryImageOfPage\":{\"@id\":\"https:\/\/zgraf.hr\/en\/edu-zgraf\/edu-zgraf-programme\/#primaryimage\"},\"image\":{\"@id\":\"https:\/\/zgraf.hr\/en\/edu-zgraf\/edu-zgraf-programme\/#primaryimage\"},\"thumbnailUrl\":\"https:\/\/zgraf.hr\/wp-content\/uploads\/2025\/03\/zgraf-12-workshop-5cb-1024x356.jpg\",\"datePublished\":\"2025-03-27T08:04:39+00:00\",\"dateModified\":\"2025-03-31T09:59:12+00:00\",\"breadcrumb\":{\"@id\":\"https:\/\/zgraf.hr\/en\/edu-zgraf\/edu-zgraf-programme\/#breadcrumb\"},\"inLanguage\":\"en-US\",\"potentialAction\":[{\"@type\":\"ReadAction\",\"target\":[\"https:\/\/zgraf.hr\/en\/edu-zgraf\/edu-zgraf-programme\/\"]}]},{\"@type\":\"ImageObject\",\"inLanguage\":\"en-US\",\"@id\":\"https:\/\/zgraf.hr\/en\/edu-zgraf\/edu-zgraf-programme\/#primaryimage\",\"url\":\"https:\/\/zgraf.hr\/wp-content\/uploads\/2025\/03\/zgraf-12-workshop-5cb-1024x356.jpg\",\"contentUrl\":\"https:\/\/zgraf.hr\/wp-content\/uploads\/2025\/03\/zgraf-12-workshop-5cb-1024x356.jpg\"},{\"@type\":\"BreadcrumbList\",\"@id\":\"https:\/\/zgraf.hr\/en\/edu-zgraf\/edu-zgraf-programme\/#breadcrumb\",\"itemListElement\":[{\"@type\":\"ListItem\",\"position\":1,\"name\":\"Po\u010detna stranica\",\"item\":\"https:\/\/zgraf.hr\/en\/\"},{\"@type\":\"ListItem\",\"position\":2,\"name\":\"EDU zgraf\",\"item\":\"https:\/\/zgraf.hr\/en\/edu-zgraf\/\"},{\"@type\":\"ListItem\",\"position\":3,\"name\":\"EDU zgraf programme\"}]},{\"@type\":\"WebSite\",\"@id\":\"https:\/\/zgraf.hr\/en\/#website\",\"url\":\"https:\/\/zgraf.hr\/en\/\",\"name\":\"ZGRAF\",\"description\":\"Me\u0111unarodna izlo\u017eba grafi\u010dkog dizajna i vizualnih komunikacija\",\"potentialAction\":[{\"@type\":\"SearchAction\",\"target\":{\"@type\":\"EntryPoint\",\"urlTemplate\":\"https:\/\/zgraf.hr\/en\/?s={search_term_string}\"},\"query-input\":{\"@type\":\"PropertyValueSpecification\",\"valueRequired\":true,\"valueName\":\"search_term_string\"}}],\"inLanguage\":\"en-US\"}]}<\/script>\n<!-- \/ Yoast SEO plugin. -->","yoast_head_json":{"title":"EDU zgraf programme - ZGRAF","robots":{"index":"index","follow":"follow","max-snippet":"max-snippet:-1","max-image-preview":"max-image-preview:large","max-video-preview":"max-video-preview:-1"},"canonical":"https:\/\/zgraf.hr\/en\/edu-zgraf\/edu-zgraf-programme\/","og_locale":"en_US","og_type":"article","og_title":"EDU zgraf programme - ZGRAF","og_description":"June 16 &#8211; 18, 2025 Student Workshops with Guest Lectures June 18, 2025 at 19 h Presentation of the student workshop (invited faculties from Croatia) Opening of International Students Poster ...","og_url":"https:\/\/zgraf.hr\/en\/edu-zgraf\/edu-zgraf-programme\/","og_site_name":"ZGRAF","article_modified_time":"2025-03-31T09:59:12+00:00","og_image":[{"width":1644,"height":572,"url":"https:\/\/zgraf.hr\/wp-content\/uploads\/2025\/03\/zgraf-12-workshop-5cb.jpg","type":"image\/jpeg"}],"twitter_card":"summary_large_image","twitter_misc":{"Est. reading time":"1 minute"},"schema":{"@context":"https:\/\/schema.org","@graph":[{"@type":"WebPage","@id":"https:\/\/zgraf.hr\/en\/edu-zgraf\/edu-zgraf-programme\/","url":"https:\/\/zgraf.hr\/en\/edu-zgraf\/edu-zgraf-programme\/","name":"EDU zgraf programme - ZGRAF","isPartOf":{"@id":"https:\/\/zgraf.hr\/en\/#website"},"primaryImageOfPage":{"@id":"https:\/\/zgraf.hr\/en\/edu-zgraf\/edu-zgraf-programme\/#primaryimage"},"image":{"@id":"https:\/\/zgraf.hr\/en\/edu-zgraf\/edu-zgraf-programme\/#primaryimage"},"thumbnailUrl":"https:\/\/zgraf.hr\/wp-content\/uploads\/2025\/03\/zgraf-12-workshop-5cb-1024x356.jpg","datePublished":"2025-03-27T08:04:39+00:00","dateModified":"2025-03-31T09:59:12+00:00","breadcrumb":{"@id":"https:\/\/zgraf.hr\/en\/edu-zgraf\/edu-zgraf-programme\/#breadcrumb"},"inLanguage":"en-US","potentialAction":[{"@type":"ReadAction","target":["https:\/\/zgraf.hr\/en\/edu-zgraf\/edu-zgraf-programme\/"]}]},{"@type":"ImageObject","inLanguage":"en-US","@id":"https:\/\/zgraf.hr\/en\/edu-zgraf\/edu-zgraf-programme\/#primaryimage","url":"https:\/\/zgraf.hr\/wp-content\/uploads\/2025\/03\/zgraf-12-workshop-5cb-1024x356.jpg","contentUrl":"https:\/\/zgraf.hr\/wp-content\/uploads\/2025\/03\/zgraf-12-workshop-5cb-1024x356.jpg"},{"@type":"BreadcrumbList","@id":"https:\/\/zgraf.hr\/en\/edu-zgraf\/edu-zgraf-programme\/#breadcrumb","itemListElement":[{"@type":"ListItem","position":1,"name":"Po\u010detna stranica","item":"https:\/\/zgraf.hr\/en\/"},{"@type":"ListItem","position":2,"name":"EDU zgraf","item":"https:\/\/zgraf.hr\/en\/edu-zgraf\/"},{"@type":"ListItem","position":3,"name":"EDU zgraf programme"}]},{"@type":"WebSite","@id":"https:\/\/zgraf.hr\/en\/#website","url":"https:\/\/zgraf.hr\/en\/","name":"ZGRAF","description":"Me\u0111unarodna izlo\u017eba grafi\u010dkog dizajna i vizualnih komunikacija","potentialAction":[{"@type":"SearchAction","target":{"@type":"EntryPoint","urlTemplate":"https:\/\/zgraf.hr\/en\/?s={search_term_string}"},"query-input":{"@type":"PropertyValueSpecification","valueRequired":true,"valueName":"search_term_string"}}],"inLanguage":"en-US"}]}},"_links":{"self":[{"href":"https:\/\/zgraf.hr\/en\/wp-json\/wp\/v2\/pages\/3748","targetHints":{"allow":["GET"]}}],"collection":[{"href":"https:\/\/zgraf.hr\/en\/wp-json\/wp\/v2\/pages"}],"about":[{"href":"https:\/\/zgraf.hr\/en\/wp-json\/wp\/v2\/types\/page"}],"author":[{"embeddable":true,"href":"https:\/\/zgraf.hr\/en\/wp-json\/wp\/v2\/users\/1"}],"replies":[{"embeddable":true,"href":"https:\/\/zgraf.hr\/en\/wp-json\/wp\/v2\/comments?post=3748"}],"version-history":[{"count":5,"href":"https:\/\/zgraf.hr\/en\/wp-json\/wp\/v2\/pages\/3748\/revisions"}],"predecessor-version":[{"id":3818,"href":"https:\/\/zgraf.hr\/en\/wp-json\/wp\/v2\/pages\/3748\/revisions\/3818"}],"up":[{"embeddable":true,"href":"https:\/\/zgraf.hr\/en\/wp-json\/wp\/v2\/pages\/3763"}],"wp:attachment":[{"href":"https:\/\/zgraf.hr\/en\/wp-json\/wp\/v2\/media?parent=3748"}],"curies":[{"name":"wp","href":"https:\/\/api.w.org\/{rel}","templated":true}]}}