{"id":4101,"date":"2025-06-04T17:09:38","date_gmt":"2025-06-04T15:09:38","guid":{"rendered":"https:\/\/zgraf.hr\/?page_id=4101"},"modified":"2025-08-03T12:41:06","modified_gmt":"2025-08-03T10:41:06","slug":"selection-of-works-foe-exhibition","status":"publish","type":"page","link":"https:\/\/zgraf.hr\/en\/edu-zgraf\/selection-of-works-foe-exhibition\/","title":{"rendered":"Selection of works for exhibition"},"content":{"rendered":"<p><strong>Studentski radovi selektirani za izlaganje<\/strong> \/ <em><strong>Student work selected for the exhibiton<\/strong><\/em><\/p>\n<p>otvorenje \/ opening 18. 06. u 19 h<\/p>\n<p><u>Ime studenta \u2013 tima \/ Studet(s) Name &#8211; Team \u00a0(Zemlja \/ Country)<\/u><\/p>\n<ol>\n<li><strong>Kora Rogina<\/strong> (Hrvatska \/ Croatia) <strong>NAGRADA \/ AWARD<\/strong><\/li>\n<li><strong>Elena Kiss<\/strong> (Hrvatska \/ Croatia)<strong> NAGRADA \/ AWARD<\/strong><\/li>\n<li><strong>Aleksandra Matecka<\/strong> (Poljska \/ Poland)<strong> NAGRADA \/ AWARD<\/strong><\/li>\n<li><em>Natalia Bugaj<\/em> (Poljska \/ Poland) <strong>PO\u010cASNO PRIZNANJE \/ HONORABLE MENTION<\/strong><\/li>\n<li><em>Fan Yu, &amp; Wu Longxin<\/em> (Kina \/ China)<strong> PO\u010cASNO PRIZNANJE \/ HONORABLE MENTION<\/strong><\/li>\n<li>Noa Ana Bla\u0161kovi\u0107 (Hrvatska \/ Croatia)<\/li>\n<li>Nelly Kamaeva Gruzija \/ Georgia<\/li>\n<li>Luna \u0160aban (Hrvatska \/ Croatia)<\/li>\n<li>Selin Bayram (Turska \/ Turkey)<\/li>\n<li>Marysia Kolodziej (Poljska \/ Poland)<\/li>\n<li>Martina Ramljak (Hrvatska \/ Croatia)<\/li>\n<li>Efe KARGIN (Turska \/ Turkey)<\/li>\n<li>Monika Pucovi\u0107 (Hrvatska \/ Croatia)<\/li>\n<li>Marina Nikoli\u0107 (Srbija \/ Serbia)<\/li>\n<li>Vukasovi\u0107 (Hrvatska \/ Croatia)<\/li>\n<li>Beyza Tun\u00e7 (Turska \/ Turkey)<\/li>\n<li>S\u0131la Ya\u011fmur Kurt (Turska \/ Turkey)<\/li>\n<li>Mariia Shvetsova (Srbija \/ Serbia)<\/li>\n<li>Kim Sankovi\u0107 (Hrvatska \/ Croatia)<\/li>\n<li>Vasilisa Jovanovi\u0107 (Srbija \/ Serbia)<\/li>\n<li>Utku (Turska \/ Turkey)<\/li>\n<li>Selin Turan (Turska \/ Turkey)<\/li>\n<li>Kuzey Cakmak (Turska \/ Turkey)<\/li>\n<li>Ivan Le\u010dek (Hrvatska \/ Croatia)<\/li>\n<li>Iva Ljubas (Hrvatska \/ Croatia)<\/li>\n<li>Hyeokjun\u00a0Son (Korea \/Korea)<\/li>\n<li>Berkan Boran Tarimci (Turska \/ Turkey)<\/li>\n<li>Kalista Kristi\u0107 (Hrvatska \/ Croatia)<\/li>\n<li>\u0130pek \u00d6zbosnal\u0131o\u011flu (Turska \/ Turkey)<\/li>\n<li>Bar\u0131\u015f Baran Bozaner (Turska \/ Turkey)<\/li>\n<\/ol>\n<p>Ukupno je 70 studenata ili timova prijavilo svoje radove putem natje\u010daja. \/ There were a total of 70 students\u00a0 or teams of students with there works submitted to the competition.<\/p>\n<p>Nagrade i priznanja \u0107e biti dodijeljene na otvorenju izlo\u017ebe, u srijedu 18.06. u 19 sati \/ ili poslane putem e-maila nakon otvorenja. \/ Awards and recognitions will be presented at the exhibition opening, on Wednesday, June 18th at 7 pm \/ or sent via e-mail after the opening.<\/p>\n","protected":false},"excerpt":{"rendered":"<p>Studentski radovi selektirani za izlaganje \/ Student work selected for the exhibiton otvorenje \/ opening 18. 06. u 19 h Ime studenta \u2013 tima \/ Studet(s) Name &#8211; Team \u00a0(Zemlja &#8230;<\/p>\n","protected":false},"author":1,"featured_media":3749,"parent":3763,"menu_order":5,"comment_status":"closed","ping_status":"closed","template":"","meta":{"_acf_changed":false,"inline_featured_image":false,"footnotes":""},"class_list":["post-4101","page","type-page","status-publish","has-post-thumbnail","hentry"],"acf":[],"yoast_head":"<!-- This site is optimized with the Yoast SEO plugin v25.8 - https:\/\/yoast.com\/wordpress\/plugins\/seo\/ -->\n<title>Selection of works for exhibition - ZGRAF<\/title>\n<meta name=\"robots\" content=\"index, follow, max-snippet:-1, max-image-preview:large, max-video-preview:-1\" \/>\n<link rel=\"canonical\" href=\"https:\/\/zgraf.hr\/en\/edu-zgraf\/selection-of-works-foe-exhibition\/\" \/>\n<meta property=\"og:locale\" content=\"en_US\" \/>\n<meta property=\"og:type\" content=\"article\" \/>\n<meta property=\"og:title\" content=\"Selection of works for exhibition - ZGRAF\" \/>\n<meta property=\"og:description\" content=\"Studentski radovi selektirani za izlaganje \/ Student work selected for the exhibiton otvorenje \/ opening 18. 06. u 19 h Ime studenta \u2013 tima \/ Studet(s) Name &#8211; Team \u00a0(Zemlja ...\" \/>\n<meta property=\"og:url\" content=\"https:\/\/zgraf.hr\/en\/edu-zgraf\/selection-of-works-foe-exhibition\/\" \/>\n<meta property=\"og:site_name\" content=\"ZGRAF\" \/>\n<meta property=\"article:modified_time\" content=\"2025-08-03T10:41:06+00:00\" \/>\n<meta name=\"twitter:card\" content=\"summary_large_image\" \/>\n<meta name=\"twitter:label1\" content=\"Est. reading time\" \/>\n\t<meta name=\"twitter:data1\" content=\"2 minutes\" \/>\n<script type=\"application\/ld+json\" class=\"yoast-schema-graph\">{\"@context\":\"https:\/\/schema.org\",\"@graph\":[{\"@type\":\"WebPage\",\"@id\":\"https:\/\/zgraf.hr\/en\/edu-zgraf\/selection-of-works-foe-exhibition\/\",\"url\":\"https:\/\/zgraf.hr\/en\/edu-zgraf\/selection-of-works-foe-exhibition\/\",\"name\":\"Selection of works for exhibition - ZGRAF\",\"isPartOf\":{\"@id\":\"https:\/\/zgraf.hr\/en\/#website\"},\"primaryImageOfPage\":{\"@id\":\"https:\/\/zgraf.hr\/en\/edu-zgraf\/selection-of-works-foe-exhibition\/#primaryimage\"},\"image\":{\"@id\":\"https:\/\/zgraf.hr\/en\/edu-zgraf\/selection-of-works-foe-exhibition\/#primaryimage\"},\"thumbnailUrl\":\"https:\/\/zgraf.hr\/wp-content\/uploads\/2025\/03\/zgraf-13_banneri_eduzgraf_en.svg\",\"datePublished\":\"2025-06-04T15:09:38+00:00\",\"dateModified\":\"2025-08-03T10:41:06+00:00\",\"breadcrumb\":{\"@id\":\"https:\/\/zgraf.hr\/en\/edu-zgraf\/selection-of-works-foe-exhibition\/#breadcrumb\"},\"inLanguage\":\"en-US\",\"potentialAction\":[{\"@type\":\"ReadAction\",\"target\":[\"https:\/\/zgraf.hr\/en\/edu-zgraf\/selection-of-works-foe-exhibition\/\"]}]},{\"@type\":\"ImageObject\",\"inLanguage\":\"en-US\",\"@id\":\"https:\/\/zgraf.hr\/en\/edu-zgraf\/selection-of-works-foe-exhibition\/#primaryimage\",\"url\":\"https:\/\/zgraf.hr\/wp-content\/uploads\/2025\/03\/zgraf-13_banneri_eduzgraf_en.svg\",\"contentUrl\":\"https:\/\/zgraf.hr\/wp-content\/uploads\/2025\/03\/zgraf-13_banneri_eduzgraf_en.svg\"},{\"@type\":\"BreadcrumbList\",\"@id\":\"https:\/\/zgraf.hr\/en\/edu-zgraf\/selection-of-works-foe-exhibition\/#breadcrumb\",\"itemListElement\":[{\"@type\":\"ListItem\",\"position\":1,\"name\":\"Po\u010detna stranica\",\"item\":\"https:\/\/zgraf.hr\/en\/\"},{\"@type\":\"ListItem\",\"position\":2,\"name\":\"EDU zgraf\",\"item\":\"https:\/\/zgraf.hr\/en\/edu-zgraf\/\"},{\"@type\":\"ListItem\",\"position\":3,\"name\":\"Selection of works for exhibition\"}]},{\"@type\":\"WebSite\",\"@id\":\"https:\/\/zgraf.hr\/en\/#website\",\"url\":\"https:\/\/zgraf.hr\/en\/\",\"name\":\"ZGRAF\",\"description\":\"Me\u0111unarodna izlo\u017eba grafi\u010dkog dizajna i vizualnih komunikacija\",\"potentialAction\":[{\"@type\":\"SearchAction\",\"target\":{\"@type\":\"EntryPoint\",\"urlTemplate\":\"https:\/\/zgraf.hr\/en\/?s={search_term_string}\"},\"query-input\":{\"@type\":\"PropertyValueSpecification\",\"valueRequired\":true,\"valueName\":\"search_term_string\"}}],\"inLanguage\":\"en-US\"}]}<\/script>\n<!-- \/ Yoast SEO plugin. -->","yoast_head_json":{"title":"Selection of works for exhibition - ZGRAF","robots":{"index":"index","follow":"follow","max-snippet":"max-snippet:-1","max-image-preview":"max-image-preview:large","max-video-preview":"max-video-preview:-1"},"canonical":"https:\/\/zgraf.hr\/en\/edu-zgraf\/selection-of-works-foe-exhibition\/","og_locale":"en_US","og_type":"article","og_title":"Selection of works for exhibition - ZGRAF","og_description":"Studentski radovi selektirani za izlaganje \/ Student work selected for the exhibiton otvorenje \/ opening 18. 06. u 19 h Ime studenta \u2013 tima \/ Studet(s) Name &#8211; Team \u00a0(Zemlja ...","og_url":"https:\/\/zgraf.hr\/en\/edu-zgraf\/selection-of-works-foe-exhibition\/","og_site_name":"ZGRAF","article_modified_time":"2025-08-03T10:41:06+00:00","twitter_card":"summary_large_image","twitter_misc":{"Est. reading time":"2 minutes"},"schema":{"@context":"https:\/\/schema.org","@graph":[{"@type":"WebPage","@id":"https:\/\/zgraf.hr\/en\/edu-zgraf\/selection-of-works-foe-exhibition\/","url":"https:\/\/zgraf.hr\/en\/edu-zgraf\/selection-of-works-foe-exhibition\/","name":"Selection of works for exhibition - ZGRAF","isPartOf":{"@id":"https:\/\/zgraf.hr\/en\/#website"},"primaryImageOfPage":{"@id":"https:\/\/zgraf.hr\/en\/edu-zgraf\/selection-of-works-foe-exhibition\/#primaryimage"},"image":{"@id":"https:\/\/zgraf.hr\/en\/edu-zgraf\/selection-of-works-foe-exhibition\/#primaryimage"},"thumbnailUrl":"https:\/\/zgraf.hr\/wp-content\/uploads\/2025\/03\/zgraf-13_banneri_eduzgraf_en.svg","datePublished":"2025-06-04T15:09:38+00:00","dateModified":"2025-08-03T10:41:06+00:00","breadcrumb":{"@id":"https:\/\/zgraf.hr\/en\/edu-zgraf\/selection-of-works-foe-exhibition\/#breadcrumb"},"inLanguage":"en-US","potentialAction":[{"@type":"ReadAction","target":["https:\/\/zgraf.hr\/en\/edu-zgraf\/selection-of-works-foe-exhibition\/"]}]},{"@type":"ImageObject","inLanguage":"en-US","@id":"https:\/\/zgraf.hr\/en\/edu-zgraf\/selection-of-works-foe-exhibition\/#primaryimage","url":"https:\/\/zgraf.hr\/wp-content\/uploads\/2025\/03\/zgraf-13_banneri_eduzgraf_en.svg","contentUrl":"https:\/\/zgraf.hr\/wp-content\/uploads\/2025\/03\/zgraf-13_banneri_eduzgraf_en.svg"},{"@type":"BreadcrumbList","@id":"https:\/\/zgraf.hr\/en\/edu-zgraf\/selection-of-works-foe-exhibition\/#breadcrumb","itemListElement":[{"@type":"ListItem","position":1,"name":"Po\u010detna stranica","item":"https:\/\/zgraf.hr\/en\/"},{"@type":"ListItem","position":2,"name":"EDU zgraf","item":"https:\/\/zgraf.hr\/en\/edu-zgraf\/"},{"@type":"ListItem","position":3,"name":"Selection of works for exhibition"}]},{"@type":"WebSite","@id":"https:\/\/zgraf.hr\/en\/#website","url":"https:\/\/zgraf.hr\/en\/","name":"ZGRAF","description":"Me\u0111unarodna izlo\u017eba grafi\u010dkog dizajna i vizualnih komunikacija","potentialAction":[{"@type":"SearchAction","target":{"@type":"EntryPoint","urlTemplate":"https:\/\/zgraf.hr\/en\/?s={search_term_string}"},"query-input":{"@type":"PropertyValueSpecification","valueRequired":true,"valueName":"search_term_string"}}],"inLanguage":"en-US"}]}},"_links":{"self":[{"href":"https:\/\/zgraf.hr\/en\/wp-json\/wp\/v2\/pages\/4101","targetHints":{"allow":["GET"]}}],"collection":[{"href":"https:\/\/zgraf.hr\/en\/wp-json\/wp\/v2\/pages"}],"about":[{"href":"https:\/\/zgraf.hr\/en\/wp-json\/wp\/v2\/types\/page"}],"author":[{"embeddable":true,"href":"https:\/\/zgraf.hr\/en\/wp-json\/wp\/v2\/users\/1"}],"replies":[{"embeddable":true,"href":"https:\/\/zgraf.hr\/en\/wp-json\/wp\/v2\/comments?post=4101"}],"version-history":[{"count":5,"href":"https:\/\/zgraf.hr\/en\/wp-json\/wp\/v2\/pages\/4101\/revisions"}],"predecessor-version":[{"id":4884,"href":"https:\/\/zgraf.hr\/en\/wp-json\/wp\/v2\/pages\/4101\/revisions\/4884"}],"up":[{"embeddable":true,"href":"https:\/\/zgraf.hr\/en\/wp-json\/wp\/v2\/pages\/3763"}],"wp:featuredmedia":[{"embeddable":true,"href":"https:\/\/zgraf.hr\/en\/wp-json\/wp\/v2\/media\/3749"}],"wp:attachment":[{"href":"https:\/\/zgraf.hr\/en\/wp-json\/wp\/v2\/media?parent=4101"}],"curies":[{"name":"wp","href":"https:\/\/api.w.org\/{rel}","templated":true}]}}