{"id":4841,"date":"2025-06-24T11:07:06","date_gmt":"2025-06-24T09:07:06","guid":{"rendered":"https:\/\/zgraf.hr\/?page_id=4841"},"modified":"2025-06-24T11:10:31","modified_gmt":"2025-06-24T09:10:31","slug":"edu-zgraf-awards","status":"publish","type":"page","link":"https:\/\/zgraf.hr\/en\/edu-zgraf\/edu-zgraf-awards\/","title":{"rendered":"EDU zgraf awards"},"content":{"rendered":"<h3>EDU zgraf AWARD<\/h3>\n<p><strong>KORA ROGINA<\/strong><br \/>\nNaziv \/ Title: How Your Email Finds Me<br \/>\nMentor: Ivana Fabrio<br \/>\nFakultet \/ Faculty: Studij Dizajna,<br \/>\nArhitektonski fakultet Sveu\u010dili\u0161ta u Zagrebu \/<br \/>\nDesign Study, Faculty of Architecture, University of Zagreb<br \/>\nOdsjek \/ Department: Produkt dizajn \/ Product design<br \/>\nGodina \/ Year: 1. godina \/ 1st year, MA study<br \/>\nZemlja \/ Country: Hrvatska \/ Croatia<\/p>\n<img loading=\"lazy\" decoding=\"async\" class=\"alignnone size-large wp-image-4842\" src=\"https:\/\/zgraf.hr\/wp-content\/uploads\/2025\/06\/KORA-ROGINA-734x1024.jpg\" alt=\"\" width=\"734\" height=\"1024\" srcset=\"https:\/\/zgraf.hr\/wp-content\/uploads\/2025\/06\/KORA-ROGINA-734x1024.jpg 734w, https:\/\/zgraf.hr\/wp-content\/uploads\/2025\/06\/KORA-ROGINA-215x300.jpg 215w, https:\/\/zgraf.hr\/wp-content\/uploads\/2025\/06\/KORA-ROGINA-768x1071.jpg 768w, https:\/\/zgraf.hr\/wp-content\/uploads\/2025\/06\/KORA-ROGINA-1101x1536.jpg 1101w, https:\/\/zgraf.hr\/wp-content\/uploads\/2025\/06\/KORA-ROGINA-600x837.jpg 600w, https:\/\/zgraf.hr\/wp-content\/uploads\/2025\/06\/KORA-ROGINA.jpg 1400w\" sizes=\"auto, (max-width: 734px) 100vw, 734px\" \/>\n<p>&nbsp;<\/p>\n<h3>EDU zgraf AWARD<\/h3>\n<p><strong>ELENA KISS<\/strong><br \/>\nNaziv \/ Title: Multistabilno M \/ Multistable \u201eM\u201c<br \/>\nMentor: Damir Brali\u0107<br \/>\nFakultet \/ Faculty: Akademija primijenjenih umjetnosti Sveu\u010dili\u0161ta u Rijeci \/<br \/>\nAcademy of Applied Arts, University of Rijeka<br \/>\nOdsjek \/ Department: Grafi\u010dki dizajn i vizualne komunikacije \/<br \/>\nGraphic Design and Visual Communication<br \/>\nGodina \/ Year: 3. godina preddipl. stud. \/ 3rd year BA<br \/>\nZemlja \/ Country: Hrvatska \/ Croatia<\/p>\n<img loading=\"lazy\" decoding=\"async\" class=\"alignnone size-large wp-image-4844\" src=\"https:\/\/zgraf.hr\/wp-content\/uploads\/2025\/06\/ELENA-KISS-745x1024.jpg\" alt=\"\" width=\"745\" height=\"1024\" srcset=\"https:\/\/zgraf.hr\/wp-content\/uploads\/2025\/06\/ELENA-KISS-745x1024.jpg 745w, https:\/\/zgraf.hr\/wp-content\/uploads\/2025\/06\/ELENA-KISS-218x300.jpg 218w, https:\/\/zgraf.hr\/wp-content\/uploads\/2025\/06\/ELENA-KISS-768x1055.jpg 768w, https:\/\/zgraf.hr\/wp-content\/uploads\/2025\/06\/ELENA-KISS-1118x1536.jpg 1118w, https:\/\/zgraf.hr\/wp-content\/uploads\/2025\/06\/ELENA-KISS-600x825.jpg 600w, https:\/\/zgraf.hr\/wp-content\/uploads\/2025\/06\/ELENA-KISS.jpg 1400w\" sizes=\"auto, (max-width: 745px) 100vw, 745px\" \/>\n<p>&nbsp;<\/p>\n<h3>EDU zgraf AWARD<\/h3>\n<p><strong>ALEKSANDRA MATECKA<\/strong><br \/>\nNaziv \/ Title: The labyrinth as a form of life for every human being<br \/>\nMentors: Nikodem Pr\u0119gowski, Jakub Sobczak<br \/>\nFakultet \/ Faculty: Faculty of Fine Arts \u2013 Nicolaus Copernicus University in Toru\u0144<br \/>\nOdsjek \/ Department: grafi\u010dki izajn \/ graphic design<br \/>\nGodina \/ Year: III<br \/>\nZemlja \/ Country: Polska \/ Poland<\/p>\n<img loading=\"lazy\" decoding=\"async\" class=\"alignnone size-large wp-image-4846\" src=\"https:\/\/zgraf.hr\/wp-content\/uploads\/2025\/06\/ALEKSANDRA_MATECKA-731x1024.jpg\" alt=\"\" width=\"731\" height=\"1024\" srcset=\"https:\/\/zgraf.hr\/wp-content\/uploads\/2025\/06\/ALEKSANDRA_MATECKA-731x1024.jpg 731w, https:\/\/zgraf.hr\/wp-content\/uploads\/2025\/06\/ALEKSANDRA_MATECKA-214x300.jpg 214w, https:\/\/zgraf.hr\/wp-content\/uploads\/2025\/06\/ALEKSANDRA_MATECKA-768x1075.jpg 768w, https:\/\/zgraf.hr\/wp-content\/uploads\/2025\/06\/ALEKSANDRA_MATECKA-1097x1536.jpg 1097w, https:\/\/zgraf.hr\/wp-content\/uploads\/2025\/06\/ALEKSANDRA_MATECKA-600x840.jpg 600w, https:\/\/zgraf.hr\/wp-content\/uploads\/2025\/06\/ALEKSANDRA_MATECKA.jpg 1400w\" sizes=\"auto, (max-width: 731px) 100vw, 731px\" \/>\n<p>&nbsp;<\/p>\n<h3>EDU zgraf Honorable Mention<\/h3>\n<p><strong>NATALIA BUGAJ<\/strong><br \/>\nNaziv \/ Title: Point<br \/>\nMentor: Lech Majewski<br \/>\nFakultet \/ Faculty: Dizajn plakata i publikacija \/<br \/>\nPoster and Editorial Design<br \/>\nOdsjek \/ Department: Grafika \/ Graphics<br \/>\nGodina \/ Year: 5<br \/>\nZemlja\/ Country: Poljska \/ Poland<\/p>\n<img loading=\"lazy\" decoding=\"async\" class=\"alignnone size-large wp-image-4848\" src=\"https:\/\/zgraf.hr\/wp-content\/uploads\/2025\/06\/Natalia-Bugaj-731x1024.jpg\" alt=\"\" width=\"731\" height=\"1024\" srcset=\"https:\/\/zgraf.hr\/wp-content\/uploads\/2025\/06\/Natalia-Bugaj-731x1024.jpg 731w, https:\/\/zgraf.hr\/wp-content\/uploads\/2025\/06\/Natalia-Bugaj-214x300.jpg 214w, https:\/\/zgraf.hr\/wp-content\/uploads\/2025\/06\/Natalia-Bugaj-768x1075.jpg 768w, https:\/\/zgraf.hr\/wp-content\/uploads\/2025\/06\/Natalia-Bugaj-1097x1536.jpg 1097w, https:\/\/zgraf.hr\/wp-content\/uploads\/2025\/06\/Natalia-Bugaj-600x840.jpg 600w, https:\/\/zgraf.hr\/wp-content\/uploads\/2025\/06\/Natalia-Bugaj.jpg 1400w\" sizes=\"auto, (max-width: 731px) 100vw, 731px\" \/>\n<p>&nbsp;<\/p>\n<h3>EDU zgraf Honorable Mention<\/h3>\n<p><strong>FAN YU, WU LONGXIN<\/strong><br \/>\nNaziv \/ Title: Symphony of Peace<br \/>\nIme mentora: Goyen Chen<br \/>\nFakultet Faculty: Providence University<br \/>\nGodina \/ Year: undergraduate student<br \/>\nOdsjek \/ Department: Studij dizajna \/ Design Studies<br \/>\nZemlja \/ Country: Kina \/ China<\/p>\n<img loading=\"lazy\" decoding=\"async\" class=\"alignnone size-large wp-image-4850\" src=\"https:\/\/zgraf.hr\/wp-content\/uploads\/2025\/06\/FAN-YU-731x1024.jpg\" alt=\"\" width=\"731\" height=\"1024\" srcset=\"https:\/\/zgraf.hr\/wp-content\/uploads\/2025\/06\/FAN-YU-731x1024.jpg 731w, https:\/\/zgraf.hr\/wp-content\/uploads\/2025\/06\/FAN-YU-214x300.jpg 214w, https:\/\/zgraf.hr\/wp-content\/uploads\/2025\/06\/FAN-YU-768x1075.jpg 768w, https:\/\/zgraf.hr\/wp-content\/uploads\/2025\/06\/FAN-YU-1097x1536.jpg 1097w, https:\/\/zgraf.hr\/wp-content\/uploads\/2025\/06\/FAN-YU-600x840.jpg 600w, https:\/\/zgraf.hr\/wp-content\/uploads\/2025\/06\/FAN-YU.jpg 1400w\" sizes=\"auto, (max-width: 731px) 100vw, 731px\" \/>\n","protected":false},"excerpt":{"rendered":"<p>EDU zgraf AWARD KORA ROGINA Naziv \/ Title: How Your Email Finds Me Mentor: Ivana Fabrio Fakultet \/ Faculty: Studij Dizajna, Arhitektonski fakultet Sveu\u010dili\u0161ta u Zagrebu \/ Design Study, Faculty &#8230;<\/p>\n","protected":false},"author":1,"featured_media":0,"parent":3763,"menu_order":0,"comment_status":"closed","ping_status":"closed","template":"","meta":{"_acf_changed":false,"inline_featured_image":false,"footnotes":""},"class_list":["post-4841","page","type-page","status-publish","hentry"],"acf":[],"yoast_head":"<!-- This site is optimized with the Yoast SEO plugin v25.8 - https:\/\/yoast.com\/wordpress\/plugins\/seo\/ -->\n<title>EDU zgraf awards - ZGRAF<\/title>\n<meta name=\"robots\" content=\"index, follow, max-snippet:-1, max-image-preview:large, max-video-preview:-1\" \/>\n<link rel=\"canonical\" href=\"https:\/\/zgraf.hr\/en\/edu-zgraf\/edu-zgraf-awards\/\" \/>\n<meta property=\"og:locale\" content=\"en_US\" \/>\n<meta property=\"og:type\" content=\"article\" \/>\n<meta property=\"og:title\" content=\"EDU zgraf awards - ZGRAF\" \/>\n<meta property=\"og:description\" content=\"EDU zgraf AWARD KORA ROGINA Naziv \/ Title: How Your Email Finds Me Mentor: Ivana Fabrio Fakultet \/ Faculty: Studij Dizajna, Arhitektonski fakultet Sveu\u010dili\u0161ta u Zagrebu \/ Design Study, Faculty ...\" \/>\n<meta property=\"og:url\" content=\"https:\/\/zgraf.hr\/en\/edu-zgraf\/edu-zgraf-awards\/\" \/>\n<meta property=\"og:site_name\" content=\"ZGRAF\" \/>\n<meta property=\"article:modified_time\" content=\"2025-06-24T09:10:31+00:00\" \/>\n<meta property=\"og:image\" content=\"https:\/\/zgraf.hr\/wp-content\/uploads\/2025\/06\/KORA-ROGINA.jpg\" \/>\n\t<meta property=\"og:image:width\" content=\"1400\" \/>\n\t<meta property=\"og:image:height\" content=\"1953\" \/>\n\t<meta property=\"og:image:type\" content=\"image\/jpeg\" \/>\n<meta name=\"twitter:card\" content=\"summary_large_image\" \/>\n<meta name=\"twitter:label1\" content=\"Est. reading time\" \/>\n\t<meta name=\"twitter:data1\" content=\"3 minutes\" \/>\n<script type=\"application\/ld+json\" class=\"yoast-schema-graph\">{\"@context\":\"https:\/\/schema.org\",\"@graph\":[{\"@type\":\"WebPage\",\"@id\":\"https:\/\/zgraf.hr\/en\/edu-zgraf\/edu-zgraf-awards\/\",\"url\":\"https:\/\/zgraf.hr\/en\/edu-zgraf\/edu-zgraf-awards\/\",\"name\":\"EDU zgraf awards - ZGRAF\",\"isPartOf\":{\"@id\":\"https:\/\/zgraf.hr\/en\/#website\"},\"primaryImageOfPage\":{\"@id\":\"https:\/\/zgraf.hr\/en\/edu-zgraf\/edu-zgraf-awards\/#primaryimage\"},\"image\":{\"@id\":\"https:\/\/zgraf.hr\/en\/edu-zgraf\/edu-zgraf-awards\/#primaryimage\"},\"thumbnailUrl\":\"https:\/\/zgraf.hr\/wp-content\/uploads\/2025\/06\/KORA-ROGINA-734x1024.jpg\",\"datePublished\":\"2025-06-24T09:07:06+00:00\",\"dateModified\":\"2025-06-24T09:10:31+00:00\",\"breadcrumb\":{\"@id\":\"https:\/\/zgraf.hr\/en\/edu-zgraf\/edu-zgraf-awards\/#breadcrumb\"},\"inLanguage\":\"en-US\",\"potentialAction\":[{\"@type\":\"ReadAction\",\"target\":[\"https:\/\/zgraf.hr\/en\/edu-zgraf\/edu-zgraf-awards\/\"]}]},{\"@type\":\"ImageObject\",\"inLanguage\":\"en-US\",\"@id\":\"https:\/\/zgraf.hr\/en\/edu-zgraf\/edu-zgraf-awards\/#primaryimage\",\"url\":\"https:\/\/zgraf.hr\/wp-content\/uploads\/2025\/06\/KORA-ROGINA-734x1024.jpg\",\"contentUrl\":\"https:\/\/zgraf.hr\/wp-content\/uploads\/2025\/06\/KORA-ROGINA-734x1024.jpg\"},{\"@type\":\"BreadcrumbList\",\"@id\":\"https:\/\/zgraf.hr\/en\/edu-zgraf\/edu-zgraf-awards\/#breadcrumb\",\"itemListElement\":[{\"@type\":\"ListItem\",\"position\":1,\"name\":\"Po\u010detna stranica\",\"item\":\"https:\/\/zgraf.hr\/en\/\"},{\"@type\":\"ListItem\",\"position\":2,\"name\":\"EDU zgraf\",\"item\":\"https:\/\/zgraf.hr\/en\/edu-zgraf\/\"},{\"@type\":\"ListItem\",\"position\":3,\"name\":\"EDU zgraf awards\"}]},{\"@type\":\"WebSite\",\"@id\":\"https:\/\/zgraf.hr\/en\/#website\",\"url\":\"https:\/\/zgraf.hr\/en\/\",\"name\":\"ZGRAF\",\"description\":\"Me\u0111unarodna izlo\u017eba grafi\u010dkog dizajna i vizualnih komunikacija\",\"potentialAction\":[{\"@type\":\"SearchAction\",\"target\":{\"@type\":\"EntryPoint\",\"urlTemplate\":\"https:\/\/zgraf.hr\/en\/?s={search_term_string}\"},\"query-input\":{\"@type\":\"PropertyValueSpecification\",\"valueRequired\":true,\"valueName\":\"search_term_string\"}}],\"inLanguage\":\"en-US\"}]}<\/script>\n<!-- \/ Yoast SEO plugin. -->","yoast_head_json":{"title":"EDU zgraf awards - ZGRAF","robots":{"index":"index","follow":"follow","max-snippet":"max-snippet:-1","max-image-preview":"max-image-preview:large","max-video-preview":"max-video-preview:-1"},"canonical":"https:\/\/zgraf.hr\/en\/edu-zgraf\/edu-zgraf-awards\/","og_locale":"en_US","og_type":"article","og_title":"EDU zgraf awards - ZGRAF","og_description":"EDU zgraf AWARD KORA ROGINA Naziv \/ Title: How Your Email Finds Me Mentor: Ivana Fabrio Fakultet \/ Faculty: Studij Dizajna, Arhitektonski fakultet Sveu\u010dili\u0161ta u Zagrebu \/ Design Study, Faculty ...","og_url":"https:\/\/zgraf.hr\/en\/edu-zgraf\/edu-zgraf-awards\/","og_site_name":"ZGRAF","article_modified_time":"2025-06-24T09:10:31+00:00","og_image":[{"width":1400,"height":1953,"url":"https:\/\/zgraf.hr\/wp-content\/uploads\/2025\/06\/KORA-ROGINA.jpg","type":"image\/jpeg"}],"twitter_card":"summary_large_image","twitter_misc":{"Est. reading time":"3 minutes"},"schema":{"@context":"https:\/\/schema.org","@graph":[{"@type":"WebPage","@id":"https:\/\/zgraf.hr\/en\/edu-zgraf\/edu-zgraf-awards\/","url":"https:\/\/zgraf.hr\/en\/edu-zgraf\/edu-zgraf-awards\/","name":"EDU zgraf awards - ZGRAF","isPartOf":{"@id":"https:\/\/zgraf.hr\/en\/#website"},"primaryImageOfPage":{"@id":"https:\/\/zgraf.hr\/en\/edu-zgraf\/edu-zgraf-awards\/#primaryimage"},"image":{"@id":"https:\/\/zgraf.hr\/en\/edu-zgraf\/edu-zgraf-awards\/#primaryimage"},"thumbnailUrl":"https:\/\/zgraf.hr\/wp-content\/uploads\/2025\/06\/KORA-ROGINA-734x1024.jpg","datePublished":"2025-06-24T09:07:06+00:00","dateModified":"2025-06-24T09:10:31+00:00","breadcrumb":{"@id":"https:\/\/zgraf.hr\/en\/edu-zgraf\/edu-zgraf-awards\/#breadcrumb"},"inLanguage":"en-US","potentialAction":[{"@type":"ReadAction","target":["https:\/\/zgraf.hr\/en\/edu-zgraf\/edu-zgraf-awards\/"]}]},{"@type":"ImageObject","inLanguage":"en-US","@id":"https:\/\/zgraf.hr\/en\/edu-zgraf\/edu-zgraf-awards\/#primaryimage","url":"https:\/\/zgraf.hr\/wp-content\/uploads\/2025\/06\/KORA-ROGINA-734x1024.jpg","contentUrl":"https:\/\/zgraf.hr\/wp-content\/uploads\/2025\/06\/KORA-ROGINA-734x1024.jpg"},{"@type":"BreadcrumbList","@id":"https:\/\/zgraf.hr\/en\/edu-zgraf\/edu-zgraf-awards\/#breadcrumb","itemListElement":[{"@type":"ListItem","position":1,"name":"Po\u010detna stranica","item":"https:\/\/zgraf.hr\/en\/"},{"@type":"ListItem","position":2,"name":"EDU zgraf","item":"https:\/\/zgraf.hr\/en\/edu-zgraf\/"},{"@type":"ListItem","position":3,"name":"EDU zgraf awards"}]},{"@type":"WebSite","@id":"https:\/\/zgraf.hr\/en\/#website","url":"https:\/\/zgraf.hr\/en\/","name":"ZGRAF","description":"Me\u0111unarodna izlo\u017eba grafi\u010dkog dizajna i vizualnih komunikacija","potentialAction":[{"@type":"SearchAction","target":{"@type":"EntryPoint","urlTemplate":"https:\/\/zgraf.hr\/en\/?s={search_term_string}"},"query-input":{"@type":"PropertyValueSpecification","valueRequired":true,"valueName":"search_term_string"}}],"inLanguage":"en-US"}]}},"_links":{"self":[{"href":"https:\/\/zgraf.hr\/en\/wp-json\/wp\/v2\/pages\/4841","targetHints":{"allow":["GET"]}}],"collection":[{"href":"https:\/\/zgraf.hr\/en\/wp-json\/wp\/v2\/pages"}],"about":[{"href":"https:\/\/zgraf.hr\/en\/wp-json\/wp\/v2\/types\/page"}],"author":[{"embeddable":true,"href":"https:\/\/zgraf.hr\/en\/wp-json\/wp\/v2\/users\/1"}],"replies":[{"embeddable":true,"href":"https:\/\/zgraf.hr\/en\/wp-json\/wp\/v2\/comments?post=4841"}],"version-history":[{"count":1,"href":"https:\/\/zgraf.hr\/en\/wp-json\/wp\/v2\/pages\/4841\/revisions"}],"predecessor-version":[{"id":4852,"href":"https:\/\/zgraf.hr\/en\/wp-json\/wp\/v2\/pages\/4841\/revisions\/4852"}],"up":[{"embeddable":true,"href":"https:\/\/zgraf.hr\/en\/wp-json\/wp\/v2\/pages\/3763"}],"wp:attachment":[{"href":"https:\/\/zgraf.hr\/en\/wp-json\/wp\/v2\/media?parent=4841"}],"curies":[{"name":"wp","href":"https:\/\/api.w.org\/{rel}","templated":true}]}}