{"id":500,"date":"2016-07-09T19:57:56","date_gmt":"2016-07-09T17:57:56","guid":{"rendered":"https:\/\/zgraf.hr\/?page_id=500&#038;lang=en"},"modified":"2025-04-08T21:54:56","modified_gmt":"2025-04-08T19:54:56","slug":"news","status":"publish","type":"page","link":"https:\/\/zgraf.hr\/en\/","title":{"rendered":"News"},"content":{"rendered":"<p>Zgraf is an international exhibition of graphic design and visual communications held in Zagreb since 1975 and organized by the Croatian Association of Artists of Applied Art (ULUPUH). Zgraf brings together practitioners, theoreticians and critics of graphic design with the intention of discussing the fundamental problems and the position of design in contemporary society to continuously point out its significance as a profession.<\/p>\n<h3>Zgraf 13 PROGRAMME:<\/h3>\n<p><strong>1. Main Exhibition \u2502 French Pavilion (SCZG), June 10th-24th, 2025<\/strong><\/p>\n<p>The Main Exhibition consists of two parts \u2013 Review and Theme.<\/p>\n<p><strong>a) REVIEW<\/strong> \u2013 an international exhibition of selected works in the field of graphic design and visual communications<br \/>\n<strong>b) THEME<\/strong> \u2013 an international exhibition of selected realised works and works designed specifically for this exhibition on the theme of PLEASURE TO ALL<\/p>\n<p><strong>2. EduZgraf \u2502 AMZ Gallery, June 16th\u201324th, 2025<\/strong><\/p>\n<p>An accompanying educational program and a creative platform consisting of a professional workshop with lectures, as well as the exhibition &#8211; a result of an open poster competitions for local and international students of design and visual communications, on the theme (Dis)pleasure to All.<\/p>\n<p><strong>3. Solo exhibition of the winners of the Zgraf 12 Grand Prix \u2502 Serbian Cultural Centre, June 13th \u2013 24th, 2025<\/strong><\/p>\n<p>Exhibition of Marija Juza and Nikola \u0110urek, winners of the Zgraf 12 Grand Prix.<\/p>\n<p><strong>4. Zgraf Words \u2502 Algebra Bernays University, June 11 (11 \u2013 15 h)<\/strong><\/p>\n<p>A series of lectures by the members of the International Jury in the field of design and visual communications with panel discussions.<\/p>\n<p><strong>5. Solo Exhibition &#8211; Peter Bankov \u2013 Posters, KIC \u2013 Culture and Information centre (2nd floor Gallery), Preradovi\u0107eva 5, June 11 \u2013 24, 2025<\/strong><\/p>\n","protected":false},"excerpt":{"rendered":"<p>Zgraf is an international exhibition of graphic design and visual communications held in Zagreb since 1975 and organized by the Croatian Association of Artists of Applied Art (ULUPUH). Zgraf brings &#8230;<\/p>\n","protected":false},"author":1,"featured_media":0,"parent":0,"menu_order":0,"comment_status":"closed","ping_status":"closed","template":"template-frontpage.php","meta":{"_acf_changed":false,"inline_featured_image":false,"footnotes":""},"class_list":["post-500","page","type-page","status-publish","hentry"],"acf":[],"yoast_head":"<!-- This site is optimized with the Yoast SEO plugin v25.8 - https:\/\/yoast.com\/wordpress\/plugins\/seo\/ -->\n<title>News - ZGRAF<\/title>\n<meta name=\"robots\" content=\"index, follow, max-snippet:-1, max-image-preview:large, max-video-preview:-1\" \/>\n<link rel=\"canonical\" href=\"https:\/\/zgraf.hr\/en\/\" \/>\n<meta property=\"og:locale\" content=\"en_US\" \/>\n<meta property=\"og:type\" content=\"article\" \/>\n<meta property=\"og:title\" content=\"News - ZGRAF\" \/>\n<meta property=\"og:description\" content=\"Zgraf is an international exhibition of graphic design and visual communications held in Zagreb since 1975 and organized by the Croatian Association of Artists of Applied Art (ULUPUH). Zgraf brings ...\" \/>\n<meta property=\"og:url\" content=\"https:\/\/zgraf.hr\/en\/\" \/>\n<meta property=\"og:site_name\" content=\"ZGRAF\" \/>\n<meta property=\"article:modified_time\" content=\"2025-04-08T19:54:56+00:00\" \/>\n<meta name=\"twitter:card\" content=\"summary_large_image\" \/>\n<meta name=\"twitter:label1\" content=\"Est. reading time\" \/>\n\t<meta name=\"twitter:data1\" content=\"2 minutes\" \/>\n<script type=\"application\/ld+json\" class=\"yoast-schema-graph\">{\"@context\":\"https:\/\/schema.org\",\"@graph\":[{\"@type\":\"WebPage\",\"@id\":\"https:\/\/zgraf.hr\/en\/\",\"url\":\"https:\/\/zgraf.hr\/en\/\",\"name\":\"News - ZGRAF\",\"isPartOf\":{\"@id\":\"https:\/\/zgraf.hr\/en\/#website\"},\"datePublished\":\"2016-07-09T17:57:56+00:00\",\"dateModified\":\"2025-04-08T19:54:56+00:00\",\"breadcrumb\":{\"@id\":\"https:\/\/zgraf.hr\/en\/#breadcrumb\"},\"inLanguage\":\"en-US\",\"potentialAction\":[{\"@type\":\"ReadAction\",\"target\":[\"https:\/\/zgraf.hr\/en\/\"]}]},{\"@type\":\"BreadcrumbList\",\"@id\":\"https:\/\/zgraf.hr\/en\/#breadcrumb\",\"itemListElement\":[{\"@type\":\"ListItem\",\"position\":1,\"name\":\"Po\u010detna stranica\",\"item\":\"https:\/\/zgraf.hr\/en\/\"},{\"@type\":\"ListItem\",\"position\":2,\"name\":\"News\"}]},{\"@type\":\"WebSite\",\"@id\":\"https:\/\/zgraf.hr\/en\/#website\",\"url\":\"https:\/\/zgraf.hr\/en\/\",\"name\":\"ZGRAF\",\"description\":\"Me\u0111unarodna izlo\u017eba grafi\u010dkog dizajna i vizualnih komunikacija\",\"potentialAction\":[{\"@type\":\"SearchAction\",\"target\":{\"@type\":\"EntryPoint\",\"urlTemplate\":\"https:\/\/zgraf.hr\/en\/?s={search_term_string}\"},\"query-input\":{\"@type\":\"PropertyValueSpecification\",\"valueRequired\":true,\"valueName\":\"search_term_string\"}}],\"inLanguage\":\"en-US\"}]}<\/script>\n<!-- \/ Yoast SEO plugin. -->","yoast_head_json":{"title":"News - ZGRAF","robots":{"index":"index","follow":"follow","max-snippet":"max-snippet:-1","max-image-preview":"max-image-preview:large","max-video-preview":"max-video-preview:-1"},"canonical":"https:\/\/zgraf.hr\/en\/","og_locale":"en_US","og_type":"article","og_title":"News - ZGRAF","og_description":"Zgraf is an international exhibition of graphic design and visual communications held in Zagreb since 1975 and organized by the Croatian Association of Artists of Applied Art (ULUPUH). Zgraf brings ...","og_url":"https:\/\/zgraf.hr\/en\/","og_site_name":"ZGRAF","article_modified_time":"2025-04-08T19:54:56+00:00","twitter_card":"summary_large_image","twitter_misc":{"Est. reading time":"2 minutes"},"schema":{"@context":"https:\/\/schema.org","@graph":[{"@type":"WebPage","@id":"https:\/\/zgraf.hr\/en\/","url":"https:\/\/zgraf.hr\/en\/","name":"News - ZGRAF","isPartOf":{"@id":"https:\/\/zgraf.hr\/en\/#website"},"datePublished":"2016-07-09T17:57:56+00:00","dateModified":"2025-04-08T19:54:56+00:00","breadcrumb":{"@id":"https:\/\/zgraf.hr\/en\/#breadcrumb"},"inLanguage":"en-US","potentialAction":[{"@type":"ReadAction","target":["https:\/\/zgraf.hr\/en\/"]}]},{"@type":"BreadcrumbList","@id":"https:\/\/zgraf.hr\/en\/#breadcrumb","itemListElement":[{"@type":"ListItem","position":1,"name":"Po\u010detna stranica","item":"https:\/\/zgraf.hr\/en\/"},{"@type":"ListItem","position":2,"name":"News"}]},{"@type":"WebSite","@id":"https:\/\/zgraf.hr\/en\/#website","url":"https:\/\/zgraf.hr\/en\/","name":"ZGRAF","description":"Me\u0111unarodna izlo\u017eba grafi\u010dkog dizajna i vizualnih komunikacija","potentialAction":[{"@type":"SearchAction","target":{"@type":"EntryPoint","urlTemplate":"https:\/\/zgraf.hr\/en\/?s={search_term_string}"},"query-input":{"@type":"PropertyValueSpecification","valueRequired":true,"valueName":"search_term_string"}}],"inLanguage":"en-US"}]}},"_links":{"self":[{"href":"https:\/\/zgraf.hr\/en\/wp-json\/wp\/v2\/pages\/500","targetHints":{"allow":["GET"]}}],"collection":[{"href":"https:\/\/zgraf.hr\/en\/wp-json\/wp\/v2\/pages"}],"about":[{"href":"https:\/\/zgraf.hr\/en\/wp-json\/wp\/v2\/types\/page"}],"author":[{"embeddable":true,"href":"https:\/\/zgraf.hr\/en\/wp-json\/wp\/v2\/users\/1"}],"replies":[{"embeddable":true,"href":"https:\/\/zgraf.hr\/en\/wp-json\/wp\/v2\/comments?post=500"}],"version-history":[{"count":5,"href":"https:\/\/zgraf.hr\/en\/wp-json\/wp\/v2\/pages\/500\/revisions"}],"predecessor-version":[{"id":3978,"href":"https:\/\/zgraf.hr\/en\/wp-json\/wp\/v2\/pages\/500\/revisions\/3978"}],"wp:attachment":[{"href":"https:\/\/zgraf.hr\/en\/wp-json\/wp\/v2\/media?parent=500"}],"curies":[{"name":"wp","href":"https:\/\/api.w.org\/{rel}","templated":true}]}}