{"id":514,"date":"2016-07-09T20:10:56","date_gmt":"2016-07-09T18:10:56","guid":{"rendered":"https:\/\/zgraf.hr\/?page_id=514&#038;lang=en"},"modified":"2025-01-24T10:02:38","modified_gmt":"2025-01-24T09:02:38","slug":"zgraf-history","status":"publish","type":"page","link":"https:\/\/zgraf.hr\/en\/about-zgraf\/zgraf-history\/","title":{"rendered":"The History"},"content":{"rendered":"<p>Zgraf is an international exhibition of graphic design and visual communications, held triennially in Zagreb, Croatia since 1975. The organiser of the exhibition is ULUPUH \u2013 the Croatian Association of Artists of Applied Art. Over the years, Zgraf has brought together designers, theoreticians and critics with the intention of discussing fundamental problems and the position of design in contemporary society. Zgraf has accordingly drawn attention to the importance of design as a profession, dealt with the relationship between graphic design and art, referred to the importance of education \u2013 in favour of establishing a school of design, investigated ways of expanding digital technology in design \u2013 web design and multimedia as new segments of design, probed the role and social responsibility of design and designers in the realm of advertising and has been the meeting point of different cultures and a place for addressing and discussing local and global. As an open selected exhibition, Zgraf presents global examples of works in the field of graphic design and thus offers a wide perspective of the global design scene. In this way it also evaluates the work of local designers within an international framework. Zgraf also aims to offer a place for discussion on contemporary design practices and their role in the complex and contradictory daily cultural life.<\/p>\n","protected":false},"excerpt":{"rendered":"<p>Zgraf is an international exhibition of graphic design and visual communications, held triennially in Zagreb, Croatia since 1975. The organiser of the exhibition is ULUPUH \u2013 the Croatian Association of &#8230;<\/p>\n","protected":false},"author":1,"featured_media":2936,"parent":512,"menu_order":1,"comment_status":"closed","ping_status":"closed","template":"","meta":{"_acf_changed":false,"inline_featured_image":false,"footnotes":""},"class_list":["post-514","page","type-page","status-publish","has-post-thumbnail","hentry"],"acf":[],"yoast_head":"<!-- This site is optimized with the Yoast SEO plugin v25.8 - https:\/\/yoast.com\/wordpress\/plugins\/seo\/ -->\n<title>The History - ZGRAF<\/title>\n<meta name=\"robots\" content=\"index, follow, max-snippet:-1, max-image-preview:large, max-video-preview:-1\" \/>\n<link rel=\"canonical\" href=\"https:\/\/zgraf.hr\/en\/about-zgraf\/zgraf-history\/\" \/>\n<meta property=\"og:locale\" content=\"en_US\" \/>\n<meta property=\"og:type\" content=\"article\" \/>\n<meta property=\"og:title\" content=\"The History - ZGRAF\" \/>\n<meta property=\"og:description\" content=\"Zgraf is an international exhibition of graphic design and visual communications, held triennially in Zagreb, Croatia since 1975. The organiser of the exhibition is ULUPUH \u2013 the Croatian Association of ...\" \/>\n<meta property=\"og:url\" content=\"https:\/\/zgraf.hr\/en\/about-zgraf\/zgraf-history\/\" \/>\n<meta property=\"og:site_name\" content=\"ZGRAF\" \/>\n<meta property=\"article:modified_time\" content=\"2025-01-24T09:02:38+00:00\" \/>\n<meta property=\"og:image\" content=\"https:\/\/zgraf.hr\/wp-content\/uploads\/2024\/06\/zgraf-13_banneri-web3.png\" \/>\n\t<meta property=\"og:image:width\" content=\"1920\" \/>\n\t<meta property=\"og:image:height\" content=\"400\" \/>\n\t<meta property=\"og:image:type\" content=\"image\/png\" \/>\n<meta name=\"twitter:card\" content=\"summary_large_image\" \/>\n<meta name=\"twitter:label1\" content=\"Est. reading time\" \/>\n\t<meta name=\"twitter:data1\" content=\"2 minutes\" \/>\n<script type=\"application\/ld+json\" class=\"yoast-schema-graph\">{\"@context\":\"https:\/\/schema.org\",\"@graph\":[{\"@type\":\"WebPage\",\"@id\":\"https:\/\/zgraf.hr\/en\/about-zgraf\/zgraf-history\/\",\"url\":\"https:\/\/zgraf.hr\/en\/about-zgraf\/zgraf-history\/\",\"name\":\"The History - ZGRAF\",\"isPartOf\":{\"@id\":\"https:\/\/zgraf.hr\/en\/#website\"},\"primaryImageOfPage\":{\"@id\":\"https:\/\/zgraf.hr\/en\/about-zgraf\/zgraf-history\/#primaryimage\"},\"image\":{\"@id\":\"https:\/\/zgraf.hr\/en\/about-zgraf\/zgraf-history\/#primaryimage\"},\"thumbnailUrl\":\"https:\/\/zgraf.hr\/wp-content\/uploads\/2024\/06\/zgraf-13_banneri-web3.png\",\"datePublished\":\"2016-07-09T18:10:56+00:00\",\"dateModified\":\"2025-01-24T09:02:38+00:00\",\"breadcrumb\":{\"@id\":\"https:\/\/zgraf.hr\/en\/about-zgraf\/zgraf-history\/#breadcrumb\"},\"inLanguage\":\"en-US\",\"potentialAction\":[{\"@type\":\"ReadAction\",\"target\":[\"https:\/\/zgraf.hr\/en\/about-zgraf\/zgraf-history\/\"]}]},{\"@type\":\"ImageObject\",\"inLanguage\":\"en-US\",\"@id\":\"https:\/\/zgraf.hr\/en\/about-zgraf\/zgraf-history\/#primaryimage\",\"url\":\"https:\/\/zgraf.hr\/wp-content\/uploads\/2024\/06\/zgraf-13_banneri-web3.png\",\"contentUrl\":\"https:\/\/zgraf.hr\/wp-content\/uploads\/2024\/06\/zgraf-13_banneri-web3.png\",\"width\":1920,\"height\":400},{\"@type\":\"BreadcrumbList\",\"@id\":\"https:\/\/zgraf.hr\/en\/about-zgraf\/zgraf-history\/#breadcrumb\",\"itemListElement\":[{\"@type\":\"ListItem\",\"position\":1,\"name\":\"Po\u010detna stranica\",\"item\":\"https:\/\/zgraf.hr\/en\/\"},{\"@type\":\"ListItem\",\"position\":2,\"name\":\"About Zgraf\",\"item\":\"https:\/\/zgraf.hr\/o-zgrafu\/\"},{\"@type\":\"ListItem\",\"position\":3,\"name\":\"The History\"}]},{\"@type\":\"WebSite\",\"@id\":\"https:\/\/zgraf.hr\/en\/#website\",\"url\":\"https:\/\/zgraf.hr\/en\/\",\"name\":\"ZGRAF\",\"description\":\"Me\u0111unarodna izlo\u017eba grafi\u010dkog dizajna i vizualnih komunikacija\",\"potentialAction\":[{\"@type\":\"SearchAction\",\"target\":{\"@type\":\"EntryPoint\",\"urlTemplate\":\"https:\/\/zgraf.hr\/en\/?s={search_term_string}\"},\"query-input\":{\"@type\":\"PropertyValueSpecification\",\"valueRequired\":true,\"valueName\":\"search_term_string\"}}],\"inLanguage\":\"en-US\"}]}<\/script>\n<!-- \/ Yoast SEO plugin. -->","yoast_head_json":{"title":"The History - ZGRAF","robots":{"index":"index","follow":"follow","max-snippet":"max-snippet:-1","max-image-preview":"max-image-preview:large","max-video-preview":"max-video-preview:-1"},"canonical":"https:\/\/zgraf.hr\/en\/about-zgraf\/zgraf-history\/","og_locale":"en_US","og_type":"article","og_title":"The History - ZGRAF","og_description":"Zgraf is an international exhibition of graphic design and visual communications, held triennially in Zagreb, Croatia since 1975. The organiser of the exhibition is ULUPUH \u2013 the Croatian Association of ...","og_url":"https:\/\/zgraf.hr\/en\/about-zgraf\/zgraf-history\/","og_site_name":"ZGRAF","article_modified_time":"2025-01-24T09:02:38+00:00","og_image":[{"width":1920,"height":400,"url":"https:\/\/zgraf.hr\/wp-content\/uploads\/2024\/06\/zgraf-13_banneri-web3.png","type":"image\/png"}],"twitter_card":"summary_large_image","twitter_misc":{"Est. reading time":"2 minutes"},"schema":{"@context":"https:\/\/schema.org","@graph":[{"@type":"WebPage","@id":"https:\/\/zgraf.hr\/en\/about-zgraf\/zgraf-history\/","url":"https:\/\/zgraf.hr\/en\/about-zgraf\/zgraf-history\/","name":"The History - ZGRAF","isPartOf":{"@id":"https:\/\/zgraf.hr\/en\/#website"},"primaryImageOfPage":{"@id":"https:\/\/zgraf.hr\/en\/about-zgraf\/zgraf-history\/#primaryimage"},"image":{"@id":"https:\/\/zgraf.hr\/en\/about-zgraf\/zgraf-history\/#primaryimage"},"thumbnailUrl":"https:\/\/zgraf.hr\/wp-content\/uploads\/2024\/06\/zgraf-13_banneri-web3.png","datePublished":"2016-07-09T18:10:56+00:00","dateModified":"2025-01-24T09:02:38+00:00","breadcrumb":{"@id":"https:\/\/zgraf.hr\/en\/about-zgraf\/zgraf-history\/#breadcrumb"},"inLanguage":"en-US","potentialAction":[{"@type":"ReadAction","target":["https:\/\/zgraf.hr\/en\/about-zgraf\/zgraf-history\/"]}]},{"@type":"ImageObject","inLanguage":"en-US","@id":"https:\/\/zgraf.hr\/en\/about-zgraf\/zgraf-history\/#primaryimage","url":"https:\/\/zgraf.hr\/wp-content\/uploads\/2024\/06\/zgraf-13_banneri-web3.png","contentUrl":"https:\/\/zgraf.hr\/wp-content\/uploads\/2024\/06\/zgraf-13_banneri-web3.png","width":1920,"height":400},{"@type":"BreadcrumbList","@id":"https:\/\/zgraf.hr\/en\/about-zgraf\/zgraf-history\/#breadcrumb","itemListElement":[{"@type":"ListItem","position":1,"name":"Po\u010detna stranica","item":"https:\/\/zgraf.hr\/en\/"},{"@type":"ListItem","position":2,"name":"About Zgraf","item":"https:\/\/zgraf.hr\/o-zgrafu\/"},{"@type":"ListItem","position":3,"name":"The History"}]},{"@type":"WebSite","@id":"https:\/\/zgraf.hr\/en\/#website","url":"https:\/\/zgraf.hr\/en\/","name":"ZGRAF","description":"Me\u0111unarodna izlo\u017eba grafi\u010dkog dizajna i vizualnih komunikacija","potentialAction":[{"@type":"SearchAction","target":{"@type":"EntryPoint","urlTemplate":"https:\/\/zgraf.hr\/en\/?s={search_term_string}"},"query-input":{"@type":"PropertyValueSpecification","valueRequired":true,"valueName":"search_term_string"}}],"inLanguage":"en-US"}]}},"_links":{"self":[{"href":"https:\/\/zgraf.hr\/en\/wp-json\/wp\/v2\/pages\/514","targetHints":{"allow":["GET"]}}],"collection":[{"href":"https:\/\/zgraf.hr\/en\/wp-json\/wp\/v2\/pages"}],"about":[{"href":"https:\/\/zgraf.hr\/en\/wp-json\/wp\/v2\/types\/page"}],"author":[{"embeddable":true,"href":"https:\/\/zgraf.hr\/en\/wp-json\/wp\/v2\/users\/1"}],"replies":[{"embeddable":true,"href":"https:\/\/zgraf.hr\/en\/wp-json\/wp\/v2\/comments?post=514"}],"version-history":[{"count":9,"href":"https:\/\/zgraf.hr\/en\/wp-json\/wp\/v2\/pages\/514\/revisions"}],"predecessor-version":[{"id":3324,"href":"https:\/\/zgraf.hr\/en\/wp-json\/wp\/v2\/pages\/514\/revisions\/3324"}],"up":[{"embeddable":true,"href":"https:\/\/zgraf.hr\/en\/wp-json\/wp\/v2\/pages\/512"}],"wp:featuredmedia":[{"embeddable":true,"href":"https:\/\/zgraf.hr\/en\/wp-json\/wp\/v2\/media\/2936"}],"wp:attachment":[{"href":"https:\/\/zgraf.hr\/en\/wp-json\/wp\/v2\/media?parent=514"}],"curies":[{"name":"wp","href":"https:\/\/api.w.org\/{rel}","templated":true}]}}