{"id":519,"date":"2016-07-09T20:24:05","date_gmt":"2016-07-09T18:24:05","guid":{"rendered":"https:\/\/zgraf.hr\/?page_id=519&#038;lang=en"},"modified":"2025-06-04T07:28:59","modified_gmt":"2025-06-04T05:28:59","slug":"who-is-who","status":"publish","type":"page","link":"https:\/\/zgraf.hr\/en\/about-zgraf\/who-is-who\/","title":{"rendered":"Who is who"},"content":{"rendered":"<p><strong>Organizer ULUPUH<\/strong> \u2014Croatian Association of Artists of Applied Arts President Ivana Bakal<\/p>\n<p><strong>Executive Board of Zgraf 13<\/strong> Iva Babaja, Marko Baus, Antonio Doli\u0107, Miranda Herceg, Branimir Kolarek, Slaven Kosanovi\u0107, Igor Stani\u0161ljevi\u0107<\/p>\n<p><strong>President of the Executive Board<\/strong> Sanja Rocco<\/p>\n<p><strong>Project coordinator<\/strong> Fani Prodan<\/p>\n<p><strong>Executive Producer<\/strong> Lab852<\/p>\n<p><strong>Visual Identity of Zgraf 13<\/strong> Kuna zlatica<\/p>\n<p><strong>Main Exhibition Designer<\/strong> Igor Prese\u010dan<\/p>\n<p><strong>Guest Theorists<\/strong> Bojan Dmitrovi\u0107 Kri\u0161tofi\u0107, Boris Greiner<\/p>\n<p><strong>International Jury<\/strong> Peter Bankov (CZE), Don Ryun Chang (KOR), Izvorka Juri\u0107 (HRV), Melike Ta\u015fc\u0131o\u011flu (TUR), Lawrence Zeegen (GBR)<\/p>\n<p><strong>Selection Committee<\/strong> Damir Brali\u0107, Luka Bor\u010di\u0107, Marija Juza, Robert \u010canak, Borut Wild (SRB)<\/p>\n<p><strong>AICA Jury Croatia<\/strong> Bojan Dmitrovi\u0107 Kri\u0161tofi\u0107, Boris Greiner, Fe\u0111a Vuki\u0107<\/p>\n<p><strong>Edu-zgraf leadership &amp; production<\/strong> Sanja Rocco, Luka Bor\u010di\u0107<\/p>\n<p><strong>EduZgraf Selection Committee<\/strong> Miranda Herceg, Sven Sori\u0107, Marko Baus<\/p>\n<p><strong>Webmaster<\/strong> Vedran Sadi\u0107<\/p>\n<p>Under the patronage of the Ministry of Culture and Media of the Republic of Croatia and the City Office for Culture and Civil Society of the City of Zagreb.<\/p>\n","protected":false},"excerpt":{"rendered":"<p>Organizer ULUPUH \u2014Croatian Association of Artists of Applied Arts President Ivana Bakal Executive Board of Zgraf 13 Iva Babaja, Marko Baus, Antonio Doli\u0107, Miranda Herceg, Branimir Kolarek, Slaven Kosanovi\u0107, Igor &#8230;<\/p>\n","protected":false},"author":1,"featured_media":0,"parent":512,"menu_order":1,"comment_status":"closed","ping_status":"closed","template":"","meta":{"_acf_changed":false,"inline_featured_image":false,"footnotes":""},"class_list":["post-519","page","type-page","status-publish","hentry"],"acf":[],"yoast_head":"<!-- This site is optimized with the Yoast SEO plugin v25.8 - https:\/\/yoast.com\/wordpress\/plugins\/seo\/ -->\n<title>Who is who - ZGRAF<\/title>\n<meta name=\"robots\" content=\"index, follow, max-snippet:-1, max-image-preview:large, max-video-preview:-1\" \/>\n<link rel=\"canonical\" href=\"https:\/\/zgraf.hr\/en\/about-zgraf\/who-is-who\/\" \/>\n<meta property=\"og:locale\" content=\"en_US\" \/>\n<meta property=\"og:type\" content=\"article\" \/>\n<meta property=\"og:title\" content=\"Who is who - ZGRAF\" \/>\n<meta property=\"og:description\" content=\"Organizer ULUPUH \u2014Croatian Association of Artists of Applied Arts President Ivana Bakal Executive Board of Zgraf 13 Iva Babaja, Marko Baus, Antonio Doli\u0107, Miranda Herceg, Branimir Kolarek, Slaven Kosanovi\u0107, Igor ...\" \/>\n<meta property=\"og:url\" content=\"https:\/\/zgraf.hr\/en\/about-zgraf\/who-is-who\/\" \/>\n<meta property=\"og:site_name\" content=\"ZGRAF\" \/>\n<meta property=\"article:modified_time\" content=\"2025-06-04T05:28:59+00:00\" \/>\n<meta name=\"twitter:card\" content=\"summary_large_image\" \/>\n<meta name=\"twitter:label1\" content=\"Est. reading time\" \/>\n\t<meta name=\"twitter:data1\" content=\"1 minute\" \/>\n<script type=\"application\/ld+json\" class=\"yoast-schema-graph\">{\"@context\":\"https:\/\/schema.org\",\"@graph\":[{\"@type\":\"WebPage\",\"@id\":\"https:\/\/zgraf.hr\/en\/about-zgraf\/who-is-who\/\",\"url\":\"https:\/\/zgraf.hr\/en\/about-zgraf\/who-is-who\/\",\"name\":\"Who is who - ZGRAF\",\"isPartOf\":{\"@id\":\"https:\/\/zgraf.hr\/en\/#website\"},\"datePublished\":\"2016-07-09T18:24:05+00:00\",\"dateModified\":\"2025-06-04T05:28:59+00:00\",\"breadcrumb\":{\"@id\":\"https:\/\/zgraf.hr\/en\/about-zgraf\/who-is-who\/#breadcrumb\"},\"inLanguage\":\"en-US\",\"potentialAction\":[{\"@type\":\"ReadAction\",\"target\":[\"https:\/\/zgraf.hr\/en\/about-zgraf\/who-is-who\/\"]}]},{\"@type\":\"BreadcrumbList\",\"@id\":\"https:\/\/zgraf.hr\/en\/about-zgraf\/who-is-who\/#breadcrumb\",\"itemListElement\":[{\"@type\":\"ListItem\",\"position\":1,\"name\":\"Po\u010detna stranica\",\"item\":\"https:\/\/zgraf.hr\/en\/\"},{\"@type\":\"ListItem\",\"position\":2,\"name\":\"About Zgraf\",\"item\":\"https:\/\/zgraf.hr\/o-zgrafu\/\"},{\"@type\":\"ListItem\",\"position\":3,\"name\":\"Who is who\"}]},{\"@type\":\"WebSite\",\"@id\":\"https:\/\/zgraf.hr\/en\/#website\",\"url\":\"https:\/\/zgraf.hr\/en\/\",\"name\":\"ZGRAF\",\"description\":\"Me\u0111unarodna izlo\u017eba grafi\u010dkog dizajna i vizualnih komunikacija\",\"potentialAction\":[{\"@type\":\"SearchAction\",\"target\":{\"@type\":\"EntryPoint\",\"urlTemplate\":\"https:\/\/zgraf.hr\/en\/?s={search_term_string}\"},\"query-input\":{\"@type\":\"PropertyValueSpecification\",\"valueRequired\":true,\"valueName\":\"search_term_string\"}}],\"inLanguage\":\"en-US\"}]}<\/script>\n<!-- \/ Yoast SEO plugin. -->","yoast_head_json":{"title":"Who is who - ZGRAF","robots":{"index":"index","follow":"follow","max-snippet":"max-snippet:-1","max-image-preview":"max-image-preview:large","max-video-preview":"max-video-preview:-1"},"canonical":"https:\/\/zgraf.hr\/en\/about-zgraf\/who-is-who\/","og_locale":"en_US","og_type":"article","og_title":"Who is who - ZGRAF","og_description":"Organizer ULUPUH \u2014Croatian Association of Artists of Applied Arts President Ivana Bakal Executive Board of Zgraf 13 Iva Babaja, Marko Baus, Antonio Doli\u0107, Miranda Herceg, Branimir Kolarek, Slaven Kosanovi\u0107, Igor ...","og_url":"https:\/\/zgraf.hr\/en\/about-zgraf\/who-is-who\/","og_site_name":"ZGRAF","article_modified_time":"2025-06-04T05:28:59+00:00","twitter_card":"summary_large_image","twitter_misc":{"Est. reading time":"1 minute"},"schema":{"@context":"https:\/\/schema.org","@graph":[{"@type":"WebPage","@id":"https:\/\/zgraf.hr\/en\/about-zgraf\/who-is-who\/","url":"https:\/\/zgraf.hr\/en\/about-zgraf\/who-is-who\/","name":"Who is who - ZGRAF","isPartOf":{"@id":"https:\/\/zgraf.hr\/en\/#website"},"datePublished":"2016-07-09T18:24:05+00:00","dateModified":"2025-06-04T05:28:59+00:00","breadcrumb":{"@id":"https:\/\/zgraf.hr\/en\/about-zgraf\/who-is-who\/#breadcrumb"},"inLanguage":"en-US","potentialAction":[{"@type":"ReadAction","target":["https:\/\/zgraf.hr\/en\/about-zgraf\/who-is-who\/"]}]},{"@type":"BreadcrumbList","@id":"https:\/\/zgraf.hr\/en\/about-zgraf\/who-is-who\/#breadcrumb","itemListElement":[{"@type":"ListItem","position":1,"name":"Po\u010detna stranica","item":"https:\/\/zgraf.hr\/en\/"},{"@type":"ListItem","position":2,"name":"About Zgraf","item":"https:\/\/zgraf.hr\/o-zgrafu\/"},{"@type":"ListItem","position":3,"name":"Who is who"}]},{"@type":"WebSite","@id":"https:\/\/zgraf.hr\/en\/#website","url":"https:\/\/zgraf.hr\/en\/","name":"ZGRAF","description":"Me\u0111unarodna izlo\u017eba grafi\u010dkog dizajna i vizualnih komunikacija","potentialAction":[{"@type":"SearchAction","target":{"@type":"EntryPoint","urlTemplate":"https:\/\/zgraf.hr\/en\/?s={search_term_string}"},"query-input":{"@type":"PropertyValueSpecification","valueRequired":true,"valueName":"search_term_string"}}],"inLanguage":"en-US"}]}},"_links":{"self":[{"href":"https:\/\/zgraf.hr\/en\/wp-json\/wp\/v2\/pages\/519","targetHints":{"allow":["GET"]}}],"collection":[{"href":"https:\/\/zgraf.hr\/en\/wp-json\/wp\/v2\/pages"}],"about":[{"href":"https:\/\/zgraf.hr\/en\/wp-json\/wp\/v2\/types\/page"}],"author":[{"embeddable":true,"href":"https:\/\/zgraf.hr\/en\/wp-json\/wp\/v2\/users\/1"}],"replies":[{"embeddable":true,"href":"https:\/\/zgraf.hr\/en\/wp-json\/wp\/v2\/comments?post=519"}],"version-history":[{"count":42,"href":"https:\/\/zgraf.hr\/en\/wp-json\/wp\/v2\/pages\/519\/revisions"}],"predecessor-version":[{"id":4097,"href":"https:\/\/zgraf.hr\/en\/wp-json\/wp\/v2\/pages\/519\/revisions\/4097"}],"up":[{"embeddable":true,"href":"https:\/\/zgraf.hr\/en\/wp-json\/wp\/v2\/pages\/512"}],"wp:attachment":[{"href":"https:\/\/zgraf.hr\/en\/wp-json\/wp\/v2\/media?parent=519"}],"curies":[{"name":"wp","href":"https:\/\/api.w.org\/{rel}","templated":true}]}}