{"id":526,"date":"2016-07-10T11:51:36","date_gmt":"2016-07-10T09:51:36","guid":{"rendered":"https:\/\/zgraf.hr\/?page_id=526&#038;lang=en"},"modified":"2025-03-14T16:11:08","modified_gmt":"2025-03-14T15:11:08","slug":"zgraf-awards","status":"publish","type":"page","link":"https:\/\/zgraf.hr\/en\/about-zgraf\/zgraf-awards\/","title":{"rendered":"Zgraf Awards"},"content":{"rendered":"<p>The International Jury awards a total of 5 awards and several honourable mentions:<\/p>\n<ul>\n<li><strong>Zgraf Grand Prix<\/strong> \u2013 awarded by the International Jury;<\/li>\n<li><strong>Zgraf 1<\/strong> \u2013 awarded by the International Jury;<\/li>\n<li><strong>Zgraf 2<\/strong> \u2013 awarded by the International Jury;<\/li>\n<li><strong>Zgraf Excellence Award<\/strong> &#8211; for special achievement &#8211; awarded by the International Jury<\/li>\n<li><strong>Zgraf Welcome<\/strong> \u2013 for young designers\/groups up to 27 years of age<\/li>\n<\/ul>\n<p><strong>Honourable mentions<\/strong> (max. 10) \u2013 1 to 2 awards in each category, based on the assessment of the quality of works, awarded by the International Jury<\/p>\n<p><strong>AICA award<\/strong> \u2013 The AICA Award (International Association of Art Critics Award) is awarded by the Jury appointed by the Croatian branch of AICA.<\/p>\n<p>The International Jury has the right not to award prizes if it considers that no work meets the standard of the prize. The International Jury has the right to redistribute or halve the prizes in proportions that, in their opinion, correspond to the standard of work. The organizer undertakes to report on the awards to international professional magazines and the public.<\/p>\n","protected":false},"excerpt":{"rendered":"<p>The International Jury awards a total of 5 awards and several honourable mentions: Zgraf Grand Prix \u2013 awarded by the International Jury; Zgraf 1 \u2013 awarded by the International Jury; &#8230;<\/p>\n","protected":false},"author":2,"featured_media":0,"parent":512,"menu_order":1,"comment_status":"closed","ping_status":"closed","template":"","meta":{"_acf_changed":false,"inline_featured_image":false,"footnotes":""},"class_list":["post-526","page","type-page","status-publish","hentry"],"acf":[],"yoast_head":"<!-- This site is optimized with the Yoast SEO plugin v25.8 - https:\/\/yoast.com\/wordpress\/plugins\/seo\/ -->\n<title>Zgraf Awards - ZGRAF<\/title>\n<meta name=\"robots\" content=\"index, follow, max-snippet:-1, max-image-preview:large, max-video-preview:-1\" \/>\n<link rel=\"canonical\" href=\"https:\/\/zgraf.hr\/en\/about-zgraf\/zgraf-awards\/\" \/>\n<meta property=\"og:locale\" content=\"en_US\" \/>\n<meta property=\"og:type\" content=\"article\" \/>\n<meta property=\"og:title\" content=\"Zgraf Awards - ZGRAF\" \/>\n<meta property=\"og:description\" content=\"The International Jury awards a total of 5 awards and several honourable mentions: Zgraf Grand Prix \u2013 awarded by the International Jury; Zgraf 1 \u2013 awarded by the International Jury; ...\" \/>\n<meta property=\"og:url\" content=\"https:\/\/zgraf.hr\/en\/about-zgraf\/zgraf-awards\/\" \/>\n<meta property=\"og:site_name\" content=\"ZGRAF\" \/>\n<meta property=\"article:modified_time\" content=\"2025-03-14T15:11:08+00:00\" \/>\n<meta name=\"twitter:card\" content=\"summary_large_image\" \/>\n<meta name=\"twitter:label1\" content=\"Est. reading time\" \/>\n\t<meta name=\"twitter:data1\" content=\"1 minute\" \/>\n<script type=\"application\/ld+json\" class=\"yoast-schema-graph\">{\"@context\":\"https:\/\/schema.org\",\"@graph\":[{\"@type\":\"WebPage\",\"@id\":\"https:\/\/zgraf.hr\/en\/about-zgraf\/zgraf-awards\/\",\"url\":\"https:\/\/zgraf.hr\/en\/about-zgraf\/zgraf-awards\/\",\"name\":\"Zgraf Awards - ZGRAF\",\"isPartOf\":{\"@id\":\"https:\/\/zgraf.hr\/en\/#website\"},\"datePublished\":\"2016-07-10T09:51:36+00:00\",\"dateModified\":\"2025-03-14T15:11:08+00:00\",\"breadcrumb\":{\"@id\":\"https:\/\/zgraf.hr\/en\/about-zgraf\/zgraf-awards\/#breadcrumb\"},\"inLanguage\":\"en-US\",\"potentialAction\":[{\"@type\":\"ReadAction\",\"target\":[\"https:\/\/zgraf.hr\/en\/about-zgraf\/zgraf-awards\/\"]}]},{\"@type\":\"BreadcrumbList\",\"@id\":\"https:\/\/zgraf.hr\/en\/about-zgraf\/zgraf-awards\/#breadcrumb\",\"itemListElement\":[{\"@type\":\"ListItem\",\"position\":1,\"name\":\"Po\u010detna stranica\",\"item\":\"https:\/\/zgraf.hr\/en\/\"},{\"@type\":\"ListItem\",\"position\":2,\"name\":\"About Zgraf\",\"item\":\"https:\/\/zgraf.hr\/o-zgrafu\/\"},{\"@type\":\"ListItem\",\"position\":3,\"name\":\"Zgraf Awards\"}]},{\"@type\":\"WebSite\",\"@id\":\"https:\/\/zgraf.hr\/en\/#website\",\"url\":\"https:\/\/zgraf.hr\/en\/\",\"name\":\"ZGRAF\",\"description\":\"Me\u0111unarodna izlo\u017eba grafi\u010dkog dizajna i vizualnih komunikacija\",\"potentialAction\":[{\"@type\":\"SearchAction\",\"target\":{\"@type\":\"EntryPoint\",\"urlTemplate\":\"https:\/\/zgraf.hr\/en\/?s={search_term_string}\"},\"query-input\":{\"@type\":\"PropertyValueSpecification\",\"valueRequired\":true,\"valueName\":\"search_term_string\"}}],\"inLanguage\":\"en-US\"}]}<\/script>\n<!-- \/ Yoast SEO plugin. -->","yoast_head_json":{"title":"Zgraf Awards - ZGRAF","robots":{"index":"index","follow":"follow","max-snippet":"max-snippet:-1","max-image-preview":"max-image-preview:large","max-video-preview":"max-video-preview:-1"},"canonical":"https:\/\/zgraf.hr\/en\/about-zgraf\/zgraf-awards\/","og_locale":"en_US","og_type":"article","og_title":"Zgraf Awards - ZGRAF","og_description":"The International Jury awards a total of 5 awards and several honourable mentions: Zgraf Grand Prix \u2013 awarded by the International Jury; Zgraf 1 \u2013 awarded by the International Jury; ...","og_url":"https:\/\/zgraf.hr\/en\/about-zgraf\/zgraf-awards\/","og_site_name":"ZGRAF","article_modified_time":"2025-03-14T15:11:08+00:00","twitter_card":"summary_large_image","twitter_misc":{"Est. reading time":"1 minute"},"schema":{"@context":"https:\/\/schema.org","@graph":[{"@type":"WebPage","@id":"https:\/\/zgraf.hr\/en\/about-zgraf\/zgraf-awards\/","url":"https:\/\/zgraf.hr\/en\/about-zgraf\/zgraf-awards\/","name":"Zgraf Awards - ZGRAF","isPartOf":{"@id":"https:\/\/zgraf.hr\/en\/#website"},"datePublished":"2016-07-10T09:51:36+00:00","dateModified":"2025-03-14T15:11:08+00:00","breadcrumb":{"@id":"https:\/\/zgraf.hr\/en\/about-zgraf\/zgraf-awards\/#breadcrumb"},"inLanguage":"en-US","potentialAction":[{"@type":"ReadAction","target":["https:\/\/zgraf.hr\/en\/about-zgraf\/zgraf-awards\/"]}]},{"@type":"BreadcrumbList","@id":"https:\/\/zgraf.hr\/en\/about-zgraf\/zgraf-awards\/#breadcrumb","itemListElement":[{"@type":"ListItem","position":1,"name":"Po\u010detna stranica","item":"https:\/\/zgraf.hr\/en\/"},{"@type":"ListItem","position":2,"name":"About Zgraf","item":"https:\/\/zgraf.hr\/o-zgrafu\/"},{"@type":"ListItem","position":3,"name":"Zgraf Awards"}]},{"@type":"WebSite","@id":"https:\/\/zgraf.hr\/en\/#website","url":"https:\/\/zgraf.hr\/en\/","name":"ZGRAF","description":"Me\u0111unarodna izlo\u017eba grafi\u010dkog dizajna i vizualnih komunikacija","potentialAction":[{"@type":"SearchAction","target":{"@type":"EntryPoint","urlTemplate":"https:\/\/zgraf.hr\/en\/?s={search_term_string}"},"query-input":{"@type":"PropertyValueSpecification","valueRequired":true,"valueName":"search_term_string"}}],"inLanguage":"en-US"}]}},"_links":{"self":[{"href":"https:\/\/zgraf.hr\/en\/wp-json\/wp\/v2\/pages\/526","targetHints":{"allow":["GET"]}}],"collection":[{"href":"https:\/\/zgraf.hr\/en\/wp-json\/wp\/v2\/pages"}],"about":[{"href":"https:\/\/zgraf.hr\/en\/wp-json\/wp\/v2\/types\/page"}],"author":[{"embeddable":true,"href":"https:\/\/zgraf.hr\/en\/wp-json\/wp\/v2\/users\/2"}],"replies":[{"embeddable":true,"href":"https:\/\/zgraf.hr\/en\/wp-json\/wp\/v2\/comments?post=526"}],"version-history":[{"count":11,"href":"https:\/\/zgraf.hr\/en\/wp-json\/wp\/v2\/pages\/526\/revisions"}],"predecessor-version":[{"id":3600,"href":"https:\/\/zgraf.hr\/en\/wp-json\/wp\/v2\/pages\/526\/revisions\/3600"}],"up":[{"embeddable":true,"href":"https:\/\/zgraf.hr\/en\/wp-json\/wp\/v2\/pages\/512"}],"wp:attachment":[{"href":"https:\/\/zgraf.hr\/en\/wp-json\/wp\/v2\/media?parent=526"}],"curies":[{"name":"wp","href":"https:\/\/api.w.org\/{rel}","templated":true}]}}