{"id":563,"date":"2016-07-11T11:24:18","date_gmt":"2016-07-11T09:24:18","guid":{"rendered":"https:\/\/zgraf.hr\/en\/?page_id=563"},"modified":"2025-01-27T14:45:00","modified_gmt":"2025-01-27T13:45:00","slug":"programme","status":"publish","type":"page","link":"https:\/\/zgraf.hr\/en\/zgraf-13\/programme\/","title":{"rendered":"Programme"},"content":{"rendered":"<h3>The Zgraf 13 programme is comprised of the following:<\/h3>\n<p><strong>1. Main Exhibition \u2502 French Pavilion (Student Centre), June 10th-24th, 2025<\/strong><\/p>\n<p>The Main Exhibition consists of two parts \u2013 Review and Theme.<\/p>\n<p>a) <strong>REVIEW<\/strong> &#8211; an international exhibition of selected works in the field of graphic design and visual communications<\/p>\n<p>b) <strong>THEME<\/strong> &#8211; an international exhibition of selected realised works and works designed specifically for this exhibition on the theme of PLEASURE TO ALL<\/p>\n<p><strong>2. EduZgraf \u2502 AMZ Gallery, June 16th\u201324th, 2025<\/strong><\/p>\n<p>An accompanying educational program and a creative platform consisting of a series of professional workshops, lectures, open competitions for local and international students of design and visual communications, as well as for designers at the beginning of their professional careers.<\/p>\n<p><strong>3. Solo exhibition of the winners of the Zgraf 12 Grand Prix \u2502 Serbian Cultural Centre, June 13th \u2013 24th, 2025<\/strong><br \/>\nExhibition of Marija Juza and Nikola \u0110urek, winners of the Zgraf 12 Grand Prix.<\/p>\n<p><strong>4. Zgraf Words \u2502 Algebra University<\/strong><\/p>\n<p>A series of lectures by the International Jury and other professionals in the field of design and visual communications.<\/p>\n<p><strong>5. Other accompanying programmes<br \/>\n<\/strong>TBA<\/p>\n","protected":false},"excerpt":{"rendered":"<p>The Zgraf 13 programme is comprised of the following: 1. Main Exhibition \u2502 French Pavilion (Student Centre), June 10th-24th, 2025 The Main Exhibition consists of two parts \u2013 Review and &#8230;<\/p>\n","protected":false},"author":1,"featured_media":0,"parent":3329,"menu_order":3,"comment_status":"closed","ping_status":"closed","template":"","meta":{"_acf_changed":false,"inline_featured_image":false,"footnotes":""},"class_list":["post-563","page","type-page","status-publish","hentry"],"acf":[],"yoast_head":"<!-- This site is optimized with the Yoast SEO plugin v25.8 - https:\/\/yoast.com\/wordpress\/plugins\/seo\/ -->\n<title>Programme - ZGRAF<\/title>\n<meta name=\"robots\" content=\"index, follow, max-snippet:-1, max-image-preview:large, max-video-preview:-1\" \/>\n<link rel=\"canonical\" href=\"https:\/\/zgraf.hr\/en\/zgraf-13\/programme\/\" \/>\n<meta property=\"og:locale\" content=\"en_US\" \/>\n<meta property=\"og:type\" content=\"article\" \/>\n<meta property=\"og:title\" content=\"Programme - ZGRAF\" \/>\n<meta property=\"og:description\" content=\"The Zgraf 13 programme is comprised of the following: 1. Main Exhibition \u2502 French Pavilion (Student Centre), June 10th-24th, 2025 The Main Exhibition consists of two parts \u2013 Review and ...\" \/>\n<meta property=\"og:url\" content=\"https:\/\/zgraf.hr\/en\/zgraf-13\/programme\/\" \/>\n<meta property=\"og:site_name\" content=\"ZGRAF\" \/>\n<meta property=\"article:modified_time\" content=\"2025-01-27T13:45:00+00:00\" \/>\n<meta name=\"twitter:card\" content=\"summary_large_image\" \/>\n<meta name=\"twitter:label1\" content=\"Est. reading time\" \/>\n\t<meta name=\"twitter:data1\" content=\"1 minute\" \/>\n<script type=\"application\/ld+json\" class=\"yoast-schema-graph\">{\"@context\":\"https:\/\/schema.org\",\"@graph\":[{\"@type\":\"WebPage\",\"@id\":\"https:\/\/zgraf.hr\/en\/zgraf-13\/programme\/\",\"url\":\"https:\/\/zgraf.hr\/en\/zgraf-13\/programme\/\",\"name\":\"Programme - ZGRAF\",\"isPartOf\":{\"@id\":\"https:\/\/zgraf.hr\/en\/#website\"},\"datePublished\":\"2016-07-11T09:24:18+00:00\",\"dateModified\":\"2025-01-27T13:45:00+00:00\",\"breadcrumb\":{\"@id\":\"https:\/\/zgraf.hr\/en\/zgraf-13\/programme\/#breadcrumb\"},\"inLanguage\":\"en-US\",\"potentialAction\":[{\"@type\":\"ReadAction\",\"target\":[\"https:\/\/zgraf.hr\/en\/zgraf-13\/programme\/\"]}]},{\"@type\":\"BreadcrumbList\",\"@id\":\"https:\/\/zgraf.hr\/en\/zgraf-13\/programme\/#breadcrumb\",\"itemListElement\":[{\"@type\":\"ListItem\",\"position\":1,\"name\":\"Po\u010detna stranica\",\"item\":\"https:\/\/zgraf.hr\/en\/\"},{\"@type\":\"ListItem\",\"position\":2,\"name\":\"Zgraf 13\",\"item\":\"https:\/\/zgraf.hr\/en\/zgraf-13\/\"},{\"@type\":\"ListItem\",\"position\":3,\"name\":\"Programme\"}]},{\"@type\":\"WebSite\",\"@id\":\"https:\/\/zgraf.hr\/en\/#website\",\"url\":\"https:\/\/zgraf.hr\/en\/\",\"name\":\"ZGRAF\",\"description\":\"Me\u0111unarodna izlo\u017eba grafi\u010dkog dizajna i vizualnih komunikacija\",\"potentialAction\":[{\"@type\":\"SearchAction\",\"target\":{\"@type\":\"EntryPoint\",\"urlTemplate\":\"https:\/\/zgraf.hr\/en\/?s={search_term_string}\"},\"query-input\":{\"@type\":\"PropertyValueSpecification\",\"valueRequired\":true,\"valueName\":\"search_term_string\"}}],\"inLanguage\":\"en-US\"}]}<\/script>\n<!-- \/ Yoast SEO plugin. -->","yoast_head_json":{"title":"Programme - ZGRAF","robots":{"index":"index","follow":"follow","max-snippet":"max-snippet:-1","max-image-preview":"max-image-preview:large","max-video-preview":"max-video-preview:-1"},"canonical":"https:\/\/zgraf.hr\/en\/zgraf-13\/programme\/","og_locale":"en_US","og_type":"article","og_title":"Programme - ZGRAF","og_description":"The Zgraf 13 programme is comprised of the following: 1. Main Exhibition \u2502 French Pavilion (Student Centre), June 10th-24th, 2025 The Main Exhibition consists of two parts \u2013 Review and ...","og_url":"https:\/\/zgraf.hr\/en\/zgraf-13\/programme\/","og_site_name":"ZGRAF","article_modified_time":"2025-01-27T13:45:00+00:00","twitter_card":"summary_large_image","twitter_misc":{"Est. reading time":"1 minute"},"schema":{"@context":"https:\/\/schema.org","@graph":[{"@type":"WebPage","@id":"https:\/\/zgraf.hr\/en\/zgraf-13\/programme\/","url":"https:\/\/zgraf.hr\/en\/zgraf-13\/programme\/","name":"Programme - ZGRAF","isPartOf":{"@id":"https:\/\/zgraf.hr\/en\/#website"},"datePublished":"2016-07-11T09:24:18+00:00","dateModified":"2025-01-27T13:45:00+00:00","breadcrumb":{"@id":"https:\/\/zgraf.hr\/en\/zgraf-13\/programme\/#breadcrumb"},"inLanguage":"en-US","potentialAction":[{"@type":"ReadAction","target":["https:\/\/zgraf.hr\/en\/zgraf-13\/programme\/"]}]},{"@type":"BreadcrumbList","@id":"https:\/\/zgraf.hr\/en\/zgraf-13\/programme\/#breadcrumb","itemListElement":[{"@type":"ListItem","position":1,"name":"Po\u010detna stranica","item":"https:\/\/zgraf.hr\/en\/"},{"@type":"ListItem","position":2,"name":"Zgraf 13","item":"https:\/\/zgraf.hr\/en\/zgraf-13\/"},{"@type":"ListItem","position":3,"name":"Programme"}]},{"@type":"WebSite","@id":"https:\/\/zgraf.hr\/en\/#website","url":"https:\/\/zgraf.hr\/en\/","name":"ZGRAF","description":"Me\u0111unarodna izlo\u017eba grafi\u010dkog dizajna i vizualnih komunikacija","potentialAction":[{"@type":"SearchAction","target":{"@type":"EntryPoint","urlTemplate":"https:\/\/zgraf.hr\/en\/?s={search_term_string}"},"query-input":{"@type":"PropertyValueSpecification","valueRequired":true,"valueName":"search_term_string"}}],"inLanguage":"en-US"}]}},"_links":{"self":[{"href":"https:\/\/zgraf.hr\/en\/wp-json\/wp\/v2\/pages\/563","targetHints":{"allow":["GET"]}}],"collection":[{"href":"https:\/\/zgraf.hr\/en\/wp-json\/wp\/v2\/pages"}],"about":[{"href":"https:\/\/zgraf.hr\/en\/wp-json\/wp\/v2\/types\/page"}],"author":[{"embeddable":true,"href":"https:\/\/zgraf.hr\/en\/wp-json\/wp\/v2\/users\/1"}],"replies":[{"embeddable":true,"href":"https:\/\/zgraf.hr\/en\/wp-json\/wp\/v2\/comments?post=563"}],"version-history":[{"count":4,"href":"https:\/\/zgraf.hr\/en\/wp-json\/wp\/v2\/pages\/563\/revisions"}],"predecessor-version":[{"id":3452,"href":"https:\/\/zgraf.hr\/en\/wp-json\/wp\/v2\/pages\/563\/revisions\/3452"}],"up":[{"embeddable":true,"href":"https:\/\/zgraf.hr\/en\/wp-json\/wp\/v2\/pages\/3329"}],"wp:attachment":[{"href":"https:\/\/zgraf.hr\/en\/wp-json\/wp\/v2\/media?parent=563"}],"curies":[{"name":"wp","href":"https:\/\/api.w.org\/{rel}","templated":true}]}}